{"id":34,"date":"2025-12-01T17:12:07","date_gmt":"2025-12-01T17:12:07","guid":{"rendered":"https:\/\/contrastesdaplanicie.pt\/?page_id=34"},"modified":"2026-03-21T10:11:22","modified_gmt":"2026-03-21T10:11:22","slug":"acerca-de-nosotros","status":"publish","type":"page","link":"https:\/\/contrastesdaplanicie.pt\/es\/sobre-nos\/","title":{"rendered":"Acerca de nosotros"},"content":{"rendered":"<div class=\"et_pb_section_0 et_pb_section et_section_regular et_block_section\">\n<div class=\"et_pb_row_0 et_pb_row et_block_row\">\n<div class=\"et_pb_column_0 et_pb_column et_pb_column_2_3 et_block_column et_pb_css_mix_blend_mode_passthrough\">\n<div class=\"et_pb_text_0 et_pb_text et_pb_bg_layout_dark et_pb_module et_block_module\"><div class=\"et_pb_text_inner\"><h1>Acerca de nuestra empresa constructora<\/h1>\n<\/div><\/div>\n\n<div class=\"et_pb_text_1 et_pb_text et_pb_bg_layout_dark et_pb_module et_block_module\"><div class=\"et_pb_text_inner\"><p>Transformamos cada desaf\u00edo en resultados concretos, demostrando compromiso y profesionalismo en todas las obras.<\/p>\n<\/div><\/div>\n\n<div class=\"et_pb_module et_pb_button_module_wrapper et_pb_button_0_wrapper\"><a class=\"et_pb_button_0 et_pb_button et_pb_bg_layout_dark et_pb_module et_block_module\" href=\"\/es\/proyectos\/\" data-icon=\"$\">Vea nuestro trabajo<\/a><\/div>\n<\/div>\n\n<div class=\"et_pb_column_1 et_pb_column et_pb_column_1_3 et-last-child et_block_column et_pb_css_mix_blend_mode_passthrough\">\n<div class=\"et_pb_text_2 et_pb_text et_pb_bg_layout_light et_pb_module et_block_module\"><div class=\"et_pb_text_inner\"><h2>Qu\u00e9 hacemos<\/h2>\n<\/div><\/div>\n\n<div class=\"et_pb_blurb_0 et_pb_blurb et_pb_bg_layout_dark et_pb_blurb_position_left et_animated et_pb_module et_block_module\"><div class=\"et_pb_blurb_content\"><div class=\"et_pb_main_blurb_image\"><span class=\"et_pb_image_wrap et_pb_only_image_mode_wrap\"><img loading=\"lazy\" decoding=\"async\" src=\"https:\/\/contrastesdaplanicie.pt\/wp-content\/uploads\/2025\/12\/construction-icon-7-yellow.png\" width=\"128\" height=\"128\" srcset=\"https:\/\/contrastesdaplanicie.pt\/wp-content\/uploads\/2025\/12\/construction-icon-7-yellow.png 128w\" sizes=\"(max-width: 128px) 100vw, 128px\" class=\"et-waypoint et_pb_animation_off et_pb_animation_off_tablet et_pb_animation_off_phone wp-image-36\" \/><\/span><\/div><div class=\"et_pb_blurb_container\"><h4 class=\"et_pb_module_header\">Construcci\u00f3n de edificios<\/h4><div class=\"et_pb_blurb_description\"><p>Convertimos proyectos en edificios de calidad.<\/p>\n<\/div><\/div><\/div><\/div>\n\n<div class=\"et_pb_blurb_1 et_pb_blurb et_pb_bg_layout_dark et_pb_blurb_position_left et_animated et_pb_module et_block_module\"><div class=\"et_pb_blurb_content\"><div class=\"et_pb_main_blurb_image\"><span class=\"et_pb_image_wrap et_pb_only_image_mode_wrap\"><img loading=\"lazy\" decoding=\"async\" src=\"https:\/\/contrastesdaplanicie.pt\/wp-content\/uploads\/2025\/12\/construction-icon-5-yellow-1.png\" width=\"128\" height=\"128\" srcset=\"https:\/\/contrastesdaplanicie.pt\/wp-content\/uploads\/2025\/12\/construction-icon-5-yellow-1.png 128w\" sizes=\"(max-width: 128px) 100vw, 128px\" class=\"et-waypoint et_pb_animation_off et_pb_animation_off_tablet et_pb_animation_off_phone wp-image-37\" \/><\/span><\/div><div class=\"et_pb_blurb_container\"><h4 class=\"et_pb_module_header\">Reparaci\u00f3n de edificios<\/h4><div class=\"et_pb_blurb_description\"><p>Renovaci\u00f3n y mantenimiento.<\/p>\n<\/div><\/div><\/div><\/div>\n\n<div class=\"et_pb_blurb_2 et_pb_blurb et_pb_bg_layout_dark et_pb_blurb_position_left et_animated et_pb_module et_block_module\"><div class=\"et_pb_blurb_content\"><div class=\"et_pb_main_blurb_image\"><span class=\"et_pb_image_wrap et_pb_only_image_mode_wrap\"><img loading=\"lazy\" decoding=\"async\" src=\"https:\/\/contrastesdaplanicie.pt\/wp-content\/uploads\/2025\/12\/construction-icon-6-yellow.png\" width=\"128\" height=\"128\" srcset=\"https:\/\/contrastesdaplanicie.pt\/wp-content\/uploads\/2025\/12\/construction-icon-6-yellow.png 128w\" sizes=\"(max-width: 128px) 100vw, 128px\" class=\"et-waypoint et_pb_animation_off et_pb_animation_off_tablet et_pb_animation_off_phone wp-image-38\" \/><\/span><\/div><div class=\"et_pb_blurb_container\"><h4 class=\"et_pb_module_header\">Pintura y exterior<\/h4><div class=\"et_pb_blurb_description\"><p>Soluciones de pintura interior y exterior de alta resistencia y durabilidad.<\/p>\n<\/div><\/div><\/div><\/div>\n<\/div>\n<\/div>\n<\/div>\n\n<div class=\"et_pb_section_1 et_pb_section et_section_regular et_block_section\">\n<div class=\"et_pb_row_1 et_pb_row et_block_row\">\n<div class=\"et_pb_column_2 et_pb_column et_pb_column_4_4 et-last-child et_block_column et_pb_css_mix_blend_mode_passthrough\">\n<div class=\"et_pb_text_3 et_pb_text et_pb_bg_layout_light et_pb_module et_block_module\"><div class=\"et_pb_text_inner\"><h2>Acerca de nosotros<\/h2>\n<\/div><\/div>\n\n<div class=\"et_pb_divider_0 et_pb_divider et_pb_space et_pb_divider_position_center et_pb_module\"><div class=\"et_pb_divider_internal\"><\/div><\/div>\n<\/div>\n<\/div>\n\n<div class=\"et_pb_row_2 et_pb_row et_block_row\">\n<div class=\"et_pb_column_3 et_pb_column et_pb_column_1_2 et_block_column et_pb_css_mix_blend_mode_passthrough\">\n<div class=\"et_pb_text_4 et_pb_text et_pb_bg_layout_light et_pb_module et_block_module\"><div class=\"et_pb_text_inner\"><p>Contrastes da Plan\u00edcie se dedica a la construcci\u00f3n de edificios y a la realizaci\u00f3n de actividades especializadas que abarcan instalaciones de fontaner\u00eda, sistemas el\u00e9ctricos y otras intervenciones t\u00e9cnicas en diversos tipos de construcciones. Cada proyecto se trata con profesionalidad, garantizando la calidad, la seguridad y el estricto cumplimiento de los plazos, independientemente de su dimensi\u00f3n o complejidad.<\/p>\n<\/div><\/div>\n<\/div>\n\n<div class=\"et_pb_column_4 et_pb_column et_pb_column_1_2 et-last-child et_block_column et_pb_css_mix_blend_mode_passthrough\">\n<div class=\"et_pb_text_5 et_pb_text et_pb_bg_layout_light et_pb_module et_block_module\"><div class=\"et_pb_text_inner\"><p>Fundada el 10 de julio de 2018, Contrastes da Plan\u00edcie cuenta ya con 8 a\u00f1os de experiencia en el sector de la construcci\u00f3n. Especializada en la construcci\u00f3n de edificios, la empresa tambi\u00e9n opera en los \u00e1mbitos de la instalaci\u00f3n el\u00e9ctrica, la fontaner\u00eda y otras actividades especializadas, seg\u00fan los c\u00f3digos <strong>CAE: 41200<\/strong>, <strong>43210<\/strong>, <strong>43221<\/strong> e <strong>43992<\/strong>, garantizando soluciones completas y adaptadas a las necesidades de cada cliente.<\/p>\n<\/div><\/div>\n<\/div>\n<\/div>\n<\/div>\n\n<div class=\"et_pb_section_2 et_pb_section et_section_specialty et_pb_gutters3 et_block_section\"><div class=\"et_pb_row et_block_row\">\n<div class=\"et_pb_column_5 et_pb_column et_pb_column_single et_pb_column_1_3 et_block_column et_pb_css_mix_blend_mode_passthrough\">\n<div class=\"et_pb_text_6 et_pb_text et_pb_bg_layout_light et_pb_module et_block_module\"><div class=\"et_pb_text_inner\"><h2>Solo lo mejor<\/h2>\n<\/div><\/div>\n\n<div class=\"et_pb_blurb_3 et_pb_blurb et_pb_bg_layout_light et_pb_blurb_position_left et_animated et_pb_module et_block_module\"><div class=\"et_pb_blurb_content\"><div class=\"et_pb_main_blurb_image\"><span class=\"et_pb_image_wrap\"><span class=\"et-pb-icon et-waypoint et_pb_animation_off et_pb_animation_off_tablet et_pb_animation_off_phone\">9<\/span><\/span><\/div><div class=\"et_pb_blurb_container\"><h4 class=\"et_pb_module_header\">Construcci\u00f3n sostenible<\/h4><div class=\"et_pb_blurb_description\"><p>Desarrollamos proyectos de construcci\u00f3n sostenible, combinando materiales ecol\u00f3gicos, t\u00e9cnicas eficientes y respeto por el medio ambiente, sin comprometer la calidad ni la durabilidad.<\/p>\n<\/div><\/div><\/div><\/div>\n\n<div class=\"et_pb_blurb_4 et_pb_blurb et_pb_bg_layout_light et_pb_blurb_position_left et_animated et_pb_module et_block_module\"><div class=\"et_pb_blurb_content\"><div class=\"et_pb_main_blurb_image\"><span class=\"et_pb_image_wrap\"><span class=\"et-pb-icon et-waypoint et_pb_animation_off et_pb_animation_off_tablet et_pb_animation_off_phone\">9<\/span><\/span><\/div><div class=\"et_pb_blurb_container\"><h4 class=\"et_pb_module_header\">Reparaciones con tecnolog\u00eda de \u00faltima generaci\u00f3n<\/h4><div class=\"et_pb_blurb_description\"><p>Realizamos reparaciones con tecnolog\u00eda de \u00faltima generaci\u00f3n, garantizando precisi\u00f3n, durabilidad y resultados de excelencia en cada intervenci\u00f3n.<\/p>\n<\/div><\/div><\/div><\/div>\n\n<div class=\"et_pb_blurb_5 et_pb_blurb et_pb_bg_layout_light et_pb_blurb_position_left et_animated et_pb_module et_block_module\"><div class=\"et_pb_blurb_content\"><div class=\"et_pb_main_blurb_image\"><span class=\"et_pb_image_wrap\"><span class=\"et-pb-icon et-waypoint et_pb_animation_off et_pb_animation_off_tablet et_pb_animation_off_phone\">9<\/span><\/span><\/div><div class=\"et_pb_blurb_container\"><h4 class=\"et_pb_module_header\">Gesti\u00f3n de obras con calidad superior<\/h4><div class=\"et_pb_blurb_description\"><p>Garantizamos una gesti\u00f3n de obras de calidad superior, asegurando una planificaci\u00f3n rigurosa, un seguimiento permanente y el cumplimiento de los plazos y los est\u00e1ndares de excelencia.<\/p>\n<\/div><\/div><\/div><\/div>\n\n<div class=\"et_pb_module et_pb_button_module_wrapper et_pb_button_1_wrapper\"><a class=\"et_pb_button_1 et_pb_button et_pb_bg_layout_light et_pb_module et_block_module\" href=\"#contacto\" data-icon=\"$\">Presupuesto gratuito<\/a><\/div>\n<\/div>\n\n<div class=\"et_pb_column_6 et_pb_column et_pb_specialty_column et_pb_column_2_3 et-last-child et_block_column et_pb_css_mix_blend_mode_passthrough\">\n<div class=\"et_pb_row_inner_0 et_pb_row_inner et_block_row\">\n<div class=\"et_pb_column_inner_0 et_pb_column_inner et_pb_column et_pb_column_4_4 et-last-child et_block_column et_pb_css_mix_blend_mode_passthrough\">\n<div class=\"et_pb_image_0 et_pb_image et_pb_module et_block_module\"><span class=\"et_pb_image_wrap\"><img loading=\"lazy\" decoding=\"async\" src=\"https:\/\/contrastesdaplanicie.pt\/wp-content\/uploads\/2025\/12\/sobre-nos.webp\" width=\"1000\" height=\"607\" srcset=\"https:\/\/contrastesdaplanicie.pt\/wp-content\/uploads\/2025\/12\/sobre-nos.webp 1000w, https:\/\/contrastesdaplanicie.pt\/wp-content\/uploads\/2025\/12\/sobre-nos-980x595.webp 980w, https:\/\/contrastesdaplanicie.pt\/wp-content\/uploads\/2025\/12\/sobre-nos-480x291.webp 480w\" sizes=\"(min-width: 0px) and (max-width: 480px) 480px, (min-width: 481px) and (max-width: 980px) 980px, (min-width: 981px) 1000px, 100vw\" class=\"wp-image-218\" \/><\/span><\/div>\n<\/div>\n<\/div>\n\n<div class=\"et_pb_row_inner_1 et_pb_row_inner et_pb_gutters1 et_block_row\">\n<div class=\"et_pb_column_inner_1 et_pb_column_inner et_pb_column et_pb_column_1_3 et_block_column et_pb_css_mix_blend_mode_passthrough\">\n<div class=\"et_pb_number_counter_0 et_pb_number_counter et_pb_bg_layout_light et_pb_text_align_center et_pb_with_title et_pb_module et_block_module\"><div class=\"percent\"><p><span class=\"percent-value\"><\/span><span class=\"percent-sign\"><\/span><\/p><\/div><h3 class=\"title\">A\u00f1os de experiencia<\/h3><\/div>\n<\/div>\n\n<div class=\"et_pb_column_inner_2 et_pb_column_inner et_pb_column et_pb_column_1_3 et-last-child et_block_column et_pb_css_mix_blend_mode_passthrough\">\n<div class=\"et_pb_number_counter_1 et_pb_number_counter et_pb_bg_layout_dark et_pb_text_align_center et_pb_with_title et_pb_module et_block_module\"><div class=\"percent\"><p><span class=\"percent-value\"><\/span><span class=\"percent-sign\"><\/span><\/p><\/div><h3 class=\"title\">Proyectos finalizados<\/h3><\/div>\n<\/div>\n<\/div>\n\n<div class=\"et_pb_row_inner_2 et_pb_row_inner et_block_row\">\n<div class=\"et_pb_column_inner_3 et_pb_column_inner et_pb_column et_pb_column_1_3 et_block_column et_pb_css_mix_blend_mode_passthrough\">\n<div class=\"et_pb_number_counter_2 et_pb_number_counter et_pb_bg_layout_light et_pb_text_align_center et_pb_with_title et_pb_module et_block_module\"><div class=\"percent\"><p><span class=\"percent-value\"><\/span><span class=\"percent-sign\"><\/span><\/p><\/div><h3 class=\"title\">Trabajadores del campo<\/h3><\/div>\n<\/div>\n\n<div class=\"et_pb_column_inner_4 et_pb_column_inner et_pb_column et_pb_column_1_3 et-last-child et_block_column et_pb_css_mix_blend_mode_passthrough\">\n<div class=\"et_pb_number_counter_3 et_pb_number_counter et_pb_bg_layout_light et_pb_text_align_center et_pb_with_title et_pb_module et_block_module\"><div class=\"percent\"><p><span class=\"percent-value\"><\/span><span class=\"percent-sign\"><\/span><\/p><\/div><h3 class=\"title\">Equipo administrativo<\/h3><\/div>\n<\/div>\n<\/div>\n<\/div>\n<\/div><\/div>","protected":false},"excerpt":{"rendered":"","protected":false},"author":1,"featured_media":0,"parent":0,"menu_order":0,"comment_status":"closed","ping_status":"closed","template":"","meta":{"footnotes":""},"class_list":["post-34","page","type-page","status-publish","hentry"],"yoast_head":"<!-- This site is optimized with the Yoast SEO plugin v27.2 - https:\/\/yoast.com\/product\/yoast-seo-wordpress\/ -->\n<title>Contrastes da Plan\u00edcie, Lda | Constru\u00e7\u00e3o civil, instala\u00e7\u00f5es el\u00e9ctricas, canaliza\u00e7\u00f5es e actividades especializadas - Especialistas em Constru\u00e7\u00e3o e Obras<\/title>\n<meta name=\"description\" content=\"Saiba mais sobre a Contrastes da Plan\u00edcie. Com sede em Elvas, somos especialistas em constru\u00e7\u00e3o civil, reabilita\u00e7\u00e3o urbana e obras p\u00fablicas em todo o Alentejo. Conhe\u00e7a a nossa hist\u00f3ria e rigor t\u00e9cnico.\" \/>\n<meta name=\"robots\" content=\"index, follow, max-snippet:-1, max-image-preview:large, max-video-preview:-1\" \/>\n<link rel=\"canonical\" href=\"https:\/\/contrastesdaplanicie.pt\/es\/acerca-de-nosotros\/\" \/>\n<meta property=\"og:locale\" content=\"es_ES\" \/>\n<meta property=\"og:type\" content=\"article\" \/>\n<meta property=\"og:title\" content=\"Contrastes da Plan\u00edcie, Lda | Constru\u00e7\u00e3o civil, instala\u00e7\u00f5es el\u00e9ctricas, canaliza\u00e7\u00f5es e actividades especializadas - Especialistas em Constru\u00e7\u00e3o e Obras\" \/>\n<meta property=\"og:description\" content=\"Saiba mais sobre a Contrastes da Plan\u00edcie. Com sede em Elvas, somos especialistas em constru\u00e7\u00e3o civil, reabilita\u00e7\u00e3o urbana e obras p\u00fablicas em todo o Alentejo. Conhe\u00e7a a nossa hist\u00f3ria e rigor t\u00e9cnico.\" \/>\n<meta property=\"og:url\" content=\"https:\/\/contrastesdaplanicie.pt\/es\/acerca-de-nosotros\/\" \/>\n<meta property=\"og:site_name\" content=\"Contrastes da Plan\u00edcie, Lda | Constru\u00e7\u00e3o civil, instala\u00e7\u00f5es el\u00e9ctricas, canaliza\u00e7\u00f5es e actividades especializadas\" \/>\n<meta property=\"article:modified_time\" content=\"2026-03-21T10:11:22+00:00\" \/>\n<meta name=\"twitter:card\" content=\"summary_large_image\" \/>\n<script type=\"application\/ld+json\" class=\"yoast-schema-graph\">{\"@context\":\"https:\/\/schema.org\",\"@graph\":[{\"@type\":\"WebPage\",\"@id\":\"https:\/\/contrastesdaplanicie.pt\/sobre-nos\/\",\"url\":\"https:\/\/contrastesdaplanicie.pt\/sobre-nos\/\",\"name\":\"Contrastes da Plan\u00edcie, Lda | Constru\u00e7\u00e3o civil, instala\u00e7\u00f5es el\u00e9ctricas, canaliza\u00e7\u00f5es e actividades especializadas - Especialistas em Constru\u00e7\u00e3o e Obras\",\"isPartOf\":{\"@id\":\"https:\/\/contrastesdaplanicie.pt\/#website\"},\"datePublished\":\"2025-12-01T17:12:07+00:00\",\"dateModified\":\"2026-03-21T10:11:22+00:00\",\"description\":\"Saiba mais sobre a Contrastes da Plan\u00edcie. Com sede em Elvas, somos especialistas em constru\u00e7\u00e3o civil, reabilita\u00e7\u00e3o urbana e obras p\u00fablicas em todo o Alentejo. Conhe\u00e7a a nossa hist\u00f3ria e rigor t\u00e9cnico.\",\"breadcrumb\":{\"@id\":\"https:\/\/contrastesdaplanicie.pt\/sobre-nos\/#breadcrumb\"},\"inLanguage\":\"es\",\"potentialAction\":[{\"@type\":\"ReadAction\",\"target\":[\"https:\/\/contrastesdaplanicie.pt\/sobre-nos\/\"]}]},{\"@type\":\"BreadcrumbList\",\"@id\":\"https:\/\/contrastesdaplanicie.pt\/sobre-nos\/#breadcrumb\",\"itemListElement\":[{\"@type\":\"ListItem\",\"position\":1,\"name\":\"Home\",\"item\":\"https:\/\/contrastesdaplanicie.pt\/\"},{\"@type\":\"ListItem\",\"position\":2,\"name\":\"Sobre n\u00f3s\"}]},{\"@type\":\"WebSite\",\"@id\":\"https:\/\/contrastesdaplanicie.pt\/#website\",\"url\":\"https:\/\/contrastesdaplanicie.pt\/\",\"name\":\"Contrastes da Plan\u00edcie, Lda | Constru\u00e7\u00e3o civil, instala\u00e7\u00f5es el\u00e9ctricas, canaliza\u00e7\u00f5es e actividades especializadas\",\"description\":\"\",\"potentialAction\":[{\"@type\":\"SearchAction\",\"target\":{\"@type\":\"EntryPoint\",\"urlTemplate\":\"https:\/\/contrastesdaplanicie.pt\/?s={search_term_string}\"},\"query-input\":{\"@type\":\"PropertyValueSpecification\",\"valueRequired\":true,\"valueName\":\"search_term_string\"}}],\"inLanguage\":\"es\"}]}<\/script>\n<!-- \/ Yoast SEO plugin. -->","yoast_head_json":{"title":"Contrastes da Plan\u00edcie, Lda | Construcci\u00f3n civil, instalaciones el\u00e9ctricas, fontaner\u00eda y actividades especializadas - Especialistas en Construcci\u00f3n y Obras","description":"Sepa m\u00e1s sobre Contrastes da Plan\u00edcie. Con sede en Elvas, somos especialistas en construcci\u00f3n civil, regeneraci\u00f3n urbana y obras p\u00fablicas en todo el Alentejo. Descubra nuestra historia y rigor t\u00e9cnico.","robots":{"index":"index","follow":"follow","max-snippet":"max-snippet:-1","max-image-preview":"max-image-preview:large","max-video-preview":"max-video-preview:-1"},"canonical":"https:\/\/contrastesdaplanicie.pt\/es\/acerca-de-nosotros\/","og_locale":"es_ES","og_type":"article","og_title":"Contrastes da Plan\u00edcie, Lda | Constru\u00e7\u00e3o civil, instala\u00e7\u00f5es el\u00e9ctricas, canaliza\u00e7\u00f5es e actividades especializadas - Especialistas em Constru\u00e7\u00e3o e Obras","og_description":"Saiba mais sobre a Contrastes da Plan\u00edcie. Com sede em Elvas, somos especialistas em constru\u00e7\u00e3o civil, reabilita\u00e7\u00e3o urbana e obras p\u00fablicas em todo o Alentejo. Conhe\u00e7a a nossa hist\u00f3ria e rigor t\u00e9cnico.","og_url":"https:\/\/contrastesdaplanicie.pt\/es\/acerca-de-nosotros\/","og_site_name":"Contrastes da Plan\u00edcie, Lda | Constru\u00e7\u00e3o civil, instala\u00e7\u00f5es el\u00e9ctricas, canaliza\u00e7\u00f5es e actividades especializadas","article_modified_time":"2026-03-21T10:11:22+00:00","twitter_card":"summary_large_image","schema":{"@context":"https:\/\/schema.org","@graph":[{"@type":"WebPage","@id":"https:\/\/contrastesdaplanicie.pt\/sobre-nos\/","url":"https:\/\/contrastesdaplanicie.pt\/sobre-nos\/","name":"Contrastes da Plan\u00edcie, Lda | Construcci\u00f3n civil, instalaciones el\u00e9ctricas, fontaner\u00eda y actividades especializadas - Especialistas en Construcci\u00f3n y Obras","isPartOf":{"@id":"https:\/\/contrastesdaplanicie.pt\/#website"},"datePublished":"2025-12-01T17:12:07+00:00","dateModified":"2026-03-21T10:11:22+00:00","description":"Sepa m\u00e1s sobre Contrastes da Plan\u00edcie. Con sede en Elvas, somos especialistas en construcci\u00f3n civil, regeneraci\u00f3n urbana y obras p\u00fablicas en todo el Alentejo. Descubra nuestra historia y rigor t\u00e9cnico.","breadcrumb":{"@id":"https:\/\/contrastesdaplanicie.pt\/sobre-nos\/#breadcrumb"},"inLanguage":"es","potentialAction":[{"@type":"ReadAction","target":["https:\/\/contrastesdaplanicie.pt\/sobre-nos\/"]}]},{"@type":"BreadcrumbList","@id":"https:\/\/contrastesdaplanicie.pt\/sobre-nos\/#breadcrumb","itemListElement":[{"@type":"ListItem","position":1,"name":"Home","item":"https:\/\/contrastesdaplanicie.pt\/"},{"@type":"ListItem","position":2,"name":"Sobre n\u00f3s"}]},{"@type":"WebSite","@id":"https:\/\/contrastesdaplanicie.pt\/#website","url":"https:\/\/contrastesdaplanicie.pt\/","name":"Contrastes da Plan\u00edcie, Lda | Construcci\u00f3n, instalaciones el\u00e9ctricas, fontaner\u00eda y actividades especializadas","description":"","potentialAction":[{"@type":"SearchAction","target":{"@type":"EntryPoint","urlTemplate":"https:\/\/contrastesdaplanicie.pt\/?s={search_term_string}"},"query-input":{"@type":"PropertyValueSpecification","valueRequired":true,"valueName":"search_term_string"}}],"inLanguage":"es"}]}},"_links":{"self":[{"href":"https:\/\/contrastesdaplanicie.pt\/es\/wp-json\/wp\/v2\/pages\/34","targetHints":{"allow":["GET"]}}],"collection":[{"href":"https:\/\/contrastesdaplanicie.pt\/es\/wp-json\/wp\/v2\/pages"}],"about":[{"href":"https:\/\/contrastesdaplanicie.pt\/es\/wp-json\/wp\/v2\/types\/page"}],"author":[{"embeddable":true,"href":"https:\/\/contrastesdaplanicie.pt\/es\/wp-json\/wp\/v2\/users\/1"}],"replies":[{"embeddable":true,"href":"https:\/\/contrastesdaplanicie.pt\/es\/wp-json\/wp\/v2\/comments?post=34"}],"version-history":[{"count":21,"href":"https:\/\/contrastesdaplanicie.pt\/es\/wp-json\/wp\/v2\/pages\/34\/revisions"}],"predecessor-version":[{"id":658,"href":"https:\/\/contrastesdaplanicie.pt\/es\/wp-json\/wp\/v2\/pages\/34\/revisions\/658"}],"wp:attachment":[{"href":"https:\/\/contrastesdaplanicie.pt\/es\/wp-json\/wp\/v2\/media?parent=34"}],"curies":[{"name":"wp","href":"https:\/\/api.w.org\/{rel}","templated":true}]}}