{"id":338,"date":"2025-12-04T12:18:35","date_gmt":"2025-12-04T12:18:35","guid":{"rendered":"https:\/\/contrastesdaplanicie.pt\/?page_id=338"},"modified":"2026-03-21T10:06:39","modified_gmt":"2026-03-21T10:06:39","slug":"servicios","status":"publish","type":"page","link":"https:\/\/contrastesdaplanicie.pt\/es\/servicos\/","title":{"rendered":"Servicios"},"content":{"rendered":"<div class=\"et_pb_section_0 et_pb_section et_section_regular et_block_section\">\n<div class=\"et_pb_row_0 et_pb_row et_block_row\">\n<div class=\"et_pb_column_0 et_pb_column et_pb_column_2_3 et_block_column et_pb_css_mix_blend_mode_passthrough\">\n<div class=\"et_pb_text_0 et_pb_text et_pb_bg_layout_dark et_pb_module et_block_module\"><div class=\"et_pb_text_inner\"><h1>Nuestros servicios de construcci\u00f3n<\/h1>\n<\/div><\/div>\n\n<div class=\"et_pb_text_1 et_pb_text et_pb_bg_layout_dark et_pb_module et_block_module\"><div class=\"et_pb_text_inner\"><p>Desde la planificaci\u00f3n hasta la ejecuci\u00f3n, nos aseguramos de que la construcci\u00f3n se lleve a cabo con precisi\u00f3n y seguridad, al tiempo que invertimos constantemente en la formaci\u00f3n de nuestro equipo, con el objetivo de garantizar un servicio de excelencia.<\/p>\n<\/div><\/div>\n\n<div class=\"et_pb_module et_pb_button_module_wrapper et_pb_button_0_wrapper\"><a class=\"et_pb_button_0 et_pb_button et_pb_bg_layout_dark et_pb_module et_block_module\" href=\"#contacto\" data-icon=\"$\">Presupuesto gratuito<\/a><\/div>\n<\/div>\n\n<div class=\"et_pb_column_1 et_pb_column et_pb_column_1_3 et-last-child et_block_column et_pb_css_mix_blend_mode_passthrough\">\n<div class=\"et_pb_text_2 et_pb_text et_pb_bg_layout_light et_pb_module et_block_module\"><div class=\"et_pb_text_inner\"><h2>Qu\u00e9 hacemos<\/h2>\n<\/div><\/div>\n\n<div class=\"et_pb_blurb_0 et_pb_blurb et_pb_bg_layout_dark et_pb_blurb_position_left et_animated et_pb_module et_block_module\"><div class=\"et_pb_blurb_content\"><div class=\"et_pb_main_blurb_image\"><span class=\"et_pb_image_wrap et_pb_only_image_mode_wrap\"><img loading=\"lazy\" decoding=\"async\" src=\"https:\/\/contrastesdaplanicie.pt\/wp-content\/uploads\/2025\/12\/construction-icon-7-yellow.png\" width=\"128\" height=\"128\" srcset=\"https:\/\/contrastesdaplanicie.pt\/wp-content\/uploads\/2025\/12\/construction-icon-7-yellow.png 128w\" sizes=\"(max-width: 128px) 100vw, 128px\" class=\"et-waypoint et_pb_animation_off et_pb_animation_off_tablet et_pb_animation_off_phone wp-image-36\" \/><\/span><\/div><div class=\"et_pb_blurb_container\"><h4 class=\"et_pb_module_header\">Construcci\u00f3n de edificios<\/h4><div class=\"et_pb_blurb_description\"><p>Convertimos proyectos en edificios de calidad.<\/p>\n<\/div><\/div><\/div><\/div>\n\n<div class=\"et_pb_blurb_1 et_pb_blurb et_pb_bg_layout_dark et_pb_blurb_position_left et_animated et_pb_module et_block_module\"><div class=\"et_pb_blurb_content\"><div class=\"et_pb_main_blurb_image\"><span class=\"et_pb_image_wrap et_pb_only_image_mode_wrap\"><img loading=\"lazy\" decoding=\"async\" src=\"https:\/\/contrastesdaplanicie.pt\/wp-content\/uploads\/2025\/12\/construction-icon-5-yellow-1.png\" width=\"128\" height=\"128\" srcset=\"https:\/\/contrastesdaplanicie.pt\/wp-content\/uploads\/2025\/12\/construction-icon-5-yellow-1.png 128w\" sizes=\"(max-width: 128px) 100vw, 128px\" class=\"et-waypoint et_pb_animation_off et_pb_animation_off_tablet et_pb_animation_off_phone wp-image-37\" \/><\/span><\/div><div class=\"et_pb_blurb_container\"><h4 class=\"et_pb_module_header\">Reparaci\u00f3n de edificios<\/h4><div class=\"et_pb_blurb_description\"><p>Renovaci\u00f3n y mantenimiento.<\/p>\n<\/div><\/div><\/div><\/div>\n\n<div class=\"et_pb_blurb_2 et_pb_blurb et_pb_bg_layout_dark et_pb_blurb_position_left et_animated et_pb_module et_block_module\"><div class=\"et_pb_blurb_content\"><div class=\"et_pb_main_blurb_image\"><span class=\"et_pb_image_wrap et_pb_only_image_mode_wrap\"><img loading=\"lazy\" decoding=\"async\" src=\"https:\/\/contrastesdaplanicie.pt\/wp-content\/uploads\/2025\/12\/construction-icon-6-yellow.png\" width=\"128\" height=\"128\" srcset=\"https:\/\/contrastesdaplanicie.pt\/wp-content\/uploads\/2025\/12\/construction-icon-6-yellow.png 128w\" sizes=\"(max-width: 128px) 100vw, 128px\" class=\"et-waypoint et_pb_animation_off et_pb_animation_off_tablet et_pb_animation_off_phone wp-image-38\" \/><\/span><\/div><div class=\"et_pb_blurb_container\"><h4 class=\"et_pb_module_header\">Pintura y exterior<\/h4><div class=\"et_pb_blurb_description\"><p>Soluciones de pintura interior y exterior de alta resistencia y durabilidad.<\/p>\n<\/div><\/div><\/div><\/div>\n<\/div>\n<\/div>\n<\/div>\n\n<div class=\"et_pb_section_1 et_pb_section et_section_regular et_block_section\">\n<div class=\"et_pb_row_1 et_pb_row et_pb_gutters1 et_block_row\">\n<div class=\"et_pb_column_2 et_pb_column et_pb_column_4_4 et-last-child et_block_column et_pb_css_mix_blend_mode_passthrough\">\n<div class=\"et_pb_text_3 et_pb_text et_pb_bg_layout_light et_pb_module et_block_module\"><div class=\"et_pb_text_inner\"><h2>Construcci\u00f3n de edificios<\/h2>\n<\/div><\/div>\n\n<div class=\"et_pb_divider_0 et_pb_divider et_pb_space et_pb_divider_position_center et_pb_module\"><div class=\"et_pb_divider_internal\"><\/div><\/div>\n\n<div class=\"et_pb_text_4 et_pb_text et_pb_bg_layout_light et_pb_module et_block_module\"><div class=\"et_pb_text_inner\"><p>Ofrecemos una gama completa de servicios para la construcci\u00f3n de edificios, dando prioridad a la precisi\u00f3n t\u00e9cnica, la calidad de los materiales utilizados y el cumplimiento de los plazos establecidos. Realizamos trabajos que van desde los cimientos hasta los acabados, garantizando que las soluciones sean seguras, eficientes y personalizadas a las necesidades de cada cliente. Contamos con equipos experimentados y procesos certificados, proporcionando resultados robustos y duraderos tanto en proyectos residenciales como comerciales.<\/p>\n<\/div><\/div>\n<\/div>\n<\/div>\n\n<div class=\"et_pb_row_2 et_pb_row et_pb_gutters1 et_block_row\">\n<div class=\"et_pb_column_3 et_pb_column et_pb_column_1_3 et_block_column et_pb_css_mix_blend_mode_passthrough\">\n<div class=\"et_pb_text_5 et_pb_text et_pb_bg_layout_light et_pb_module et_block_module\"><div class=\"et_pb_text_inner\"><ul>\n<li>Construcci\u00f3n de edificios residenciales;<\/li>\n<li>Construcci\u00f3n de edificios comerciales e industriales;<\/li>\n<li>Ampliaciones y remodelaciones estructurales;<\/li>\n<li>Ejecuci\u00f3n de cimientos y estructuras de hormig\u00f3n;<\/li>\n<\/ul>\n<\/div><\/div>\n<\/div>\n\n<div class=\"et_pb_column_4 et_pb_column et_pb_column_1_3 et_block_column et_pb_css_mix_blend_mode_passthrough\">\n<div class=\"et_pb_text_6 et_pb_text et_pb_bg_layout_light et_pb_module et_block_module\"><div class=\"et_pb_text_inner\"><ul>\n<li>Instalaciones el\u00e9ctricas y de fontaner\u00eda;<\/li>\n<li>Trabajos de alba\u00f1iler\u00eda y enlucido;<\/li>\n<li>Aislamiento t\u00e9rmico y ac\u00fastico;<\/li>\n<li>Impermeabilizaciones;<\/li>\n<\/ul>\n<\/div><\/div>\n<\/div>\n\n<div class=\"et_pb_column_5 et_pb_column et_pb_column_1_3 et-last-child et_block_column et_pb_css_mix_blend_mode_passthrough\">\n<div class=\"et_pb_text_7 et_pb_text et_pb_bg_layout_light et_pb_module et_block_module\"><div class=\"et_pb_text_inner\"><ul>\n<li>Acabados interiores y exteriores;<\/li>\n<li>Gesti\u00f3n y coordinaci\u00f3n de obras;<\/li>\n<li>Asesoramiento t\u00e9cnico y seguimiento del proyecto.<\/li>\n<\/ul>\n<\/div><\/div>\n<\/div>\n<\/div>\n\n<div class=\"et_pb_row_3 et_pb_row et_pb_gutters1 et_block_row et_animated\">\n<div class=\"et_pb_column_6 et_pb_column et_pb_column_1_2 et_block_column et_pb_css_mix_blend_mode_passthrough\">\n<div class=\"et_pb_module et_pb_button_module_wrapper et_pb_button_1_wrapper\"><a class=\"et_pb_button_1 et_pb_button et_pb_bg_layout_dark et_pb_module et_block_module\" href=\"#contacto\" data-icon=\"$\">Solicitar presupuesto<\/a><\/div>\n<\/div>\n\n<div class=\"et_pb_column_7 et_pb_column et_pb_column_1_2 et-last-child et_block_column et_pb_css_mix_blend_mode_passthrough\">\n<div class=\"et_pb_module et_pb_button_module_wrapper et_pb_button_2_wrapper\"><a class=\"et_pb_button_2 et_pb_button et_pb_bg_layout_dark et_pb_module et_block_module\" href=\"\/es\/proyectos\/\" data-icon=\"$\">M\u00e1s informaci\u00f3n<\/a><\/div>\n<\/div>\n<\/div>\n<\/div>\n\n<div class=\"et_pb_section_2 et_pb_section et_section_regular et_block_section\">\n<div class=\"et_pb_row_4 et_pb_row et_pb_gutters1 et_block_row\">\n<div class=\"et_pb_column_8 et_pb_column et_pb_column_4_4 et-last-child et_block_column et_pb_css_mix_blend_mode_passthrough\">\n<div class=\"et_pb_text_8 et_pb_text et_pb_bg_layout_light et_pb_module et_block_module\"><div class=\"et_pb_text_inner\"><h2>Reparaci\u00f3n e instalaciones<\/h2>\n<\/div><\/div>\n\n<div class=\"et_pb_divider_1 et_pb_divider et_pb_space et_pb_divider_position_center et_pb_module\"><div class=\"et_pb_divider_internal\"><\/div><\/div>\n\n<div class=\"et_pb_text_9 et_pb_text et_pb_bg_layout_light et_pb_module et_block_module\"><div class=\"et_pb_text_inner\"><p>Ofrecemos servicios de reparaci\u00f3n e instalaci\u00f3n para garantizar el buen funcionamiento y la seguridad de sus espacios. Realizamos intervenciones r\u00e1pidas y eficaces en sistemas el\u00e9ctricos, canalizaciones, equipos y estructuras, garantizando soluciones duraderas y de calidad. Trabajamos con equipos especializados, preparados para responder a necesidades puntuales o a intervenciones m\u00e1s completas.<\/p>\n<\/div><\/div>\n<\/div>\n<\/div>\n\n<div class=\"et_pb_row_5 et_pb_row et_pb_gutters1 et_block_row\">\n<div class=\"et_pb_column_9 et_pb_column et_pb_column_1_3 et_block_column et_pb_css_mix_blend_mode_passthrough\">\n<div class=\"et_pb_text_10 et_pb_text et_pb_bg_layout_light et_pb_module et_block_module\"><div class=\"et_pb_text_inner\"><ul>\n<li>Reparaciones el\u00e9ctricas y mantenimiento de cuadros y cableados;<\/li>\n<li>Instalaci\u00f3n y reparaci\u00f3n de sistemas de fontaner\u00eda;<\/li>\n<li>Sustituci\u00f3n y mantenimiento de equipos dom\u00e9sticos y comerciales.;<\/li>\n<\/ul>\n<\/div><\/div>\n<\/div>\n\n<div class=\"et_pb_column_10 et_pb_column et_pb_column_1_3 et_block_column et_pb_css_mix_blend_mode_passthrough\">\n<div class=\"et_pb_text_11 et_pb_text et_pb_bg_layout_light et_pb_module et_block_module\"><div class=\"et_pb_text_inner\"><ul>\n<li>Reparaci\u00f3n de estructuras da\u00f1adas;<\/li>\n<li>Mantenimiento preventivo de sistemas de calefacci\u00f3n y aire acondicionado.;<\/li>\n<li>Instalaci\u00f3n de nuevos dispositivos y soluciones t\u00e9cnicas.;<\/li>\n<li>Intervenciones r\u00e1pidas en caso de aver\u00edas;<\/li>\n<\/ul>\n<\/div><\/div>\n<\/div>\n\n<div class=\"et_pb_column_11 et_pb_column et_pb_column_1_3 et-last-child et_block_column et_pb_css_mix_blend_mode_passthrough\">\n<div class=\"et_pb_text_12 et_pb_text et_pb_bg_layout_light et_pb_module et_block_module\"><div class=\"et_pb_text_inner\"><ul>\n<li>Asesoramiento y asistencia t\u00e9cnica especializada.<\/li>\n<\/ul>\n<\/div><\/div>\n<\/div>\n<\/div>\n\n<div class=\"et_pb_row_6 et_pb_row et_pb_gutters1 et_block_row et_animated\">\n<div class=\"et_pb_column_12 et_pb_column et_pb_column_1_2 et_block_column et_pb_css_mix_blend_mode_passthrough\">\n<div class=\"et_pb_module et_pb_button_module_wrapper et_pb_button_3_wrapper\"><a class=\"et_pb_button_3 et_pb_button et_pb_bg_layout_dark et_pb_module et_block_module\" href=\"#contacto\" data-icon=\"$\">Solicitar presupuesto<\/a><\/div>\n<\/div>\n\n<div class=\"et_pb_column_13 et_pb_column et_pb_column_1_2 et-last-child et_block_column et_pb_css_mix_blend_mode_passthrough\">\n<div class=\"et_pb_module et_pb_button_module_wrapper et_pb_button_4_wrapper\"><a class=\"et_pb_button_4 et_pb_button et_pb_bg_layout_dark et_pb_module et_block_module\" href=\"\/es\/proyectos\/\" data-icon=\"$\">M\u00e1s informaci\u00f3n<\/a><\/div>\n<\/div>\n<\/div>\n<\/div>\n\n<div class=\"et_pb_section_3 et_pb_section et_section_regular et_block_section\">\n<div class=\"et_pb_row_7 et_pb_row et_block_row\">\n<div class=\"et_pb_column_14 et_pb_column et_pb_column_4_4 et-last-child et_block_column et_pb_css_mix_blend_mode_passthrough\">\n<div class=\"et_pb_text_13 et_pb_text et_pb_bg_layout_light et_pb_module et_block_module\"><div class=\"et_pb_text_inner\"><h2>Pintura y exterior<\/h2>\n<\/div><\/div>\n\n<div class=\"et_pb_divider_2 et_pb_divider et_pb_space et_pb_divider_position_center et_pb_module\"><div class=\"et_pb_divider_internal\"><\/div><\/div>\n\n<div class=\"et_pb_text_14 et_pb_text et_pb_bg_layout_light et_pb_module et_block_module\"><div class=\"et_pb_text_inner\"><p>Soluciones profesionales de pintura y acabados exteriores para revalorizar y proteger su inmueble.<\/p>\n<\/div><\/div>\n<\/div>\n<\/div>\n\n<div class=\"et_pb_row_8 et_pb_row et_block_row\">\n<div class=\"et_pb_column_15 et_pb_column et_pb_column_1_3 et_block_column et_pb_css_mix_blend_mode_passthrough\">\n<div class=\"et_pb_text_15 et_pb_text et_pb_bg_layout_light et_pb_module et_block_module\"><div class=\"et_pb_text_inner\"><ul>\n<li>Pintura exterior de fachadas en edificios residenciales y comerciales;<\/li>\n<li>Pintura interior de viviendas, tiendas y oficinas;<\/li>\n<li>Reparaci\u00f3n y preparaci\u00f3n de superficies antes del pintado;<\/li>\n<li>Aplicaci\u00f3n de imprimaciones y selladores para una protecci\u00f3n adicional.;<\/li>\n<li>Tratamiento y repintado de paredes agrietadas o deterioradas;<\/li>\n<\/ul>\n<\/div><\/div>\n<\/div>\n\n<div class=\"et_pb_column_16 et_pb_column et_pb_column_1_3 et_block_column et_pb_css_mix_blend_mode_passthrough\">\n<div class=\"et_pb_text_16 et_pb_text et_pb_bg_layout_light et_pb_module et_block_module\"><div class=\"et_pb_text_inner\"><ul>\n<li>Pintura de rejas, puertas, muros y estructuras met\u00e1licas;<\/li>\n<li>Revestimiento con pinturas antihumedad y antif\u00fangicas.;<\/li>\n<li>Aplicaci\u00f3n de sistemas de aislamiento t\u00e9rmico por el exterior (ETICS);<\/li>\n<li>Lavado, raspado y eliminaci\u00f3n de pinturas antiguas;<\/li>\n<li>Pintura de maderas, incluyendo puertas, marcos y p\u00e9rgolas;<\/li>\n<\/ul>\n<\/div><\/div>\n<\/div>\n\n<div class=\"et_pb_column_17 et_pb_column et_pb_column_1_3 et-last-child et_block_column et_pb_css_mix_blend_mode_passthrough\">\n<div class=\"et_pb_text_17 et_pb_text et_pb_bg_layout_light et_pb_module et_block_module\"><div class=\"et_pb_text_inner\"><ul>\n<li>Impermeabilizaci\u00f3n de cubiertas, terrazas y balcones;<\/li>\n<li>Aplicaci\u00f3n de barnices y acabados decorativos;<\/li>\n<li>Pintura industrial de almacenes y naves;<\/li>\n<li>Repintura de edificios tras obras o remodelaciones;<\/li>\n<li>Asesoramiento en la elecci\u00f3n de colores y materiales adecuados para el espacio.<\/li>\n<\/ul>\n<\/div><\/div>\n<\/div>\n<\/div>\n\n<div class=\"et_pb_row_9 et_pb_row et_pb_gutters1 et_block_row et_animated\">\n<div class=\"et_pb_column_18 et_pb_column et_pb_column_1_2 et_block_column et_pb_css_mix_blend_mode_passthrough\">\n<div class=\"et_pb_module et_pb_button_module_wrapper et_pb_button_5_wrapper\"><a class=\"et_pb_button_5 et_pb_button et_pb_bg_layout_dark et_pb_module et_block_module\" href=\"#contacto\" data-icon=\"$\">Solicitar presupuesto<\/a><\/div>\n<\/div>\n\n<div class=\"et_pb_column_19 et_pb_column et_pb_column_1_2 et-last-child et_block_column et_pb_css_mix_blend_mode_passthrough\">\n<div class=\"et_pb_module et_pb_button_module_wrapper et_pb_button_6_wrapper\"><a class=\"et_pb_button_6 et_pb_button et_pb_bg_layout_dark et_pb_module et_block_module\" href=\"\/es\/proyectos\/\" data-icon=\"$\">M\u00e1s informaci\u00f3n<\/a><\/div>\n<\/div>\n<\/div>\n<\/div>\n\n<div class=\"et_pb_section_4 et_pb_section et_section_regular et_block_section\">\n<div class=\"et_pb_row_10 et_pb_row et_block_row\">\n<div class=\"et_pb_column_20 et_pb_column et_pb_column_4_4 et-last-child et_block_column et_pb_css_mix_blend_mode_passthrough\">\n<div class=\"et_pb_text_18 et_pb_text et_pb_bg_layout_light et_pb_module et_block_module\"><div class=\"et_pb_text_inner\"><h2>\u00daltimos proyectos<\/h2>\n<\/div><\/div>\n\n<div class=\"et_pb_divider_3 et_pb_divider et_pb_space et_pb_divider_position_center et_pb_module\"><div class=\"et_pb_divider_internal\"><\/div><\/div>\n<\/div>\n<\/div>\n\n<div class=\"et_pb_row_11 et_pb_row et_flex_row\">\n<div class=\"et_pb_column_21 et_pb_column et-last-child et_flex_column et_pb_css_mix_blend_mode_passthrough et_flex_column_24_24 et_flex_column_24_24_tablet et_flex_column_24_24_phone et_flex_column_24_24_widescreen et_flex_column_24_24_ultraWide\">\n<div class=\"et_pb_blog_0 et_pb_blog et_pb_bg_layout_light et_pb_posts et_pb_module blog-grid\"><div class=\"entry\">\n<!--If no results are found-->\n\t<h1>Nenhum resultado encontrado<\/h1>\n\t<p>A p\u00e1gina solicitada n\u00e3o foi encontrada. Tente refinar a sua pesquisa ou utilize o menu acima para procurar a publica\u00e7\u00e3o.<\/p>\n<\/div>\n<!--End if no results are found--><\/div>\n<\/div>\n<\/div>\n\n<div class=\"et_pb_row_12 et_pb_row et_block_row\">\n<div class=\"et_pb_column_22 et_pb_column et_pb_column_4_4 et-last-child et_block_column et_pb_css_mix_blend_mode_passthrough\">\n<div class=\"et_pb_module et_pb_button_module_wrapper et_pb_button_7_wrapper\"><a class=\"et_pb_button_7 et_pb_button et_pb_bg_layout_light et_pb_module et_block_module\" href=\"\/es\/proyectos\/\" data-icon=\"$\">Ver todos<\/a><\/div>\n<\/div>\n<\/div>\n<\/div>","protected":false},"excerpt":{"rendered":"","protected":false},"author":1,"featured_media":0,"parent":0,"menu_order":0,"comment_status":"closed","ping_status":"closed","template":"","meta":{"footnotes":""},"class_list":["post-338","page","type-page","status-publish","hentry"],"yoast_head":"<!-- This site is optimized with the Yoast SEO plugin v27.2 - https:\/\/yoast.com\/product\/yoast-seo-wordpress\/ -->\n<title>Servi\u00e7os de Constru\u00e7\u00e3o, Reabilita\u00e7\u00e3o e Obras - Contrastes da Plan\u00edcie, Lda | Constru\u00e7\u00e3o civil, instala\u00e7\u00f5es el\u00e9ctricas, canaliza\u00e7\u00f5es e actividades especializadas<\/title>\n<meta name=\"description\" content=\"Conhe\u00e7a os servi\u00e7os da Contrastes da Plan\u00edcie: Constru\u00e7\u00e3o de raiz, reabilita\u00e7\u00e3o de edif\u00edcios, infraestruturas e obras p\u00fablicas no Alentejo. Rigor t\u00e9cnico e qualidade em cada projeto. Pe\u00e7a o seu or\u00e7amento!\" \/>\n<meta name=\"robots\" content=\"index, follow, max-snippet:-1, max-image-preview:large, max-video-preview:-1\" \/>\n<link rel=\"canonical\" href=\"https:\/\/contrastesdaplanicie.pt\/es\/servicios\/\" \/>\n<meta property=\"og:locale\" content=\"es_ES\" \/>\n<meta property=\"og:type\" content=\"article\" \/>\n<meta property=\"og:title\" content=\"Servi\u00e7os de Constru\u00e7\u00e3o, Reabilita\u00e7\u00e3o e Obras - Contrastes da Plan\u00edcie, Lda | Constru\u00e7\u00e3o civil, instala\u00e7\u00f5es el\u00e9ctricas, canaliza\u00e7\u00f5es e actividades especializadas\" \/>\n<meta property=\"og:description\" content=\"Conhe\u00e7a os servi\u00e7os da Contrastes da Plan\u00edcie: Constru\u00e7\u00e3o de raiz, reabilita\u00e7\u00e3o de edif\u00edcios, infraestruturas e obras p\u00fablicas no Alentejo. Rigor t\u00e9cnico e qualidade em cada projeto. Pe\u00e7a o seu or\u00e7amento!\" \/>\n<meta property=\"og:url\" content=\"https:\/\/contrastesdaplanicie.pt\/es\/servicios\/\" \/>\n<meta property=\"og:site_name\" content=\"Contrastes da Plan\u00edcie, Lda | Constru\u00e7\u00e3o civil, instala\u00e7\u00f5es el\u00e9ctricas, canaliza\u00e7\u00f5es e actividades especializadas\" \/>\n<meta property=\"article:modified_time\" content=\"2026-03-21T10:06:39+00:00\" \/>\n<meta name=\"twitter:card\" content=\"summary_large_image\" \/>\n<script type=\"application\/ld+json\" class=\"yoast-schema-graph\">{\"@context\":\"https:\/\/schema.org\",\"@graph\":[{\"@type\":\"WebPage\",\"@id\":\"https:\/\/contrastesdaplanicie.pt\/servicos\/\",\"url\":\"https:\/\/contrastesdaplanicie.pt\/servicos\/\",\"name\":\"Servi\u00e7os de Constru\u00e7\u00e3o, Reabilita\u00e7\u00e3o e Obras - Contrastes da Plan\u00edcie, Lda | Constru\u00e7\u00e3o civil, instala\u00e7\u00f5es el\u00e9ctricas, canaliza\u00e7\u00f5es e actividades especializadas\",\"isPartOf\":{\"@id\":\"https:\/\/contrastesdaplanicie.pt\/#website\"},\"datePublished\":\"2025-12-04T12:18:35+00:00\",\"dateModified\":\"2026-03-21T10:06:39+00:00\",\"description\":\"Conhe\u00e7a os servi\u00e7os da Contrastes da Plan\u00edcie: Constru\u00e7\u00e3o de raiz, reabilita\u00e7\u00e3o de edif\u00edcios, infraestruturas e obras p\u00fablicas no Alentejo. Rigor t\u00e9cnico e qualidade em cada projeto. Pe\u00e7a o seu or\u00e7amento!\",\"breadcrumb\":{\"@id\":\"https:\/\/contrastesdaplanicie.pt\/servicos\/#breadcrumb\"},\"inLanguage\":\"es\",\"potentialAction\":[{\"@type\":\"ReadAction\",\"target\":[\"https:\/\/contrastesdaplanicie.pt\/servicos\/\"]}]},{\"@type\":\"BreadcrumbList\",\"@id\":\"https:\/\/contrastesdaplanicie.pt\/servicos\/#breadcrumb\",\"itemListElement\":[{\"@type\":\"ListItem\",\"position\":1,\"name\":\"Home\",\"item\":\"https:\/\/contrastesdaplanicie.pt\/\"},{\"@type\":\"ListItem\",\"position\":2,\"name\":\"Servi\u00e7os\"}]},{\"@type\":\"WebSite\",\"@id\":\"https:\/\/contrastesdaplanicie.pt\/#website\",\"url\":\"https:\/\/contrastesdaplanicie.pt\/\",\"name\":\"Contrastes da Plan\u00edcie, Lda | Constru\u00e7\u00e3o civil, instala\u00e7\u00f5es el\u00e9ctricas, canaliza\u00e7\u00f5es e actividades especializadas\",\"description\":\"\",\"potentialAction\":[{\"@type\":\"SearchAction\",\"target\":{\"@type\":\"EntryPoint\",\"urlTemplate\":\"https:\/\/contrastesdaplanicie.pt\/?s={search_term_string}\"},\"query-input\":{\"@type\":\"PropertyValueSpecification\",\"valueRequired\":true,\"valueName\":\"search_term_string\"}}],\"inLanguage\":\"es\"}]}<\/script>\n<!-- \/ Yoast SEO plugin. -->","yoast_head_json":{"title":"Servicios de Construcci\u00f3n, Rehabilitaci\u00f3n y Obras - Contrastes da Plan\u00edcie, Lda | Construcci\u00f3n civil, instalaciones el\u00e9ctricas, fontaner\u00eda y actividades especializadas","description":"Conozca los servicios de Contrastes da Plan\u00edcie: Construcci\u00f3n desde cero, rehabilitaci\u00f3n de edificios, infraestructuras y obras p\u00fablicas en el Alentejo. Rigor t\u00e9cnico y calidad en cada proyecto. \u00a1Pida su presupuesto!","robots":{"index":"index","follow":"follow","max-snippet":"max-snippet:-1","max-image-preview":"max-image-preview:large","max-video-preview":"max-video-preview:-1"},"canonical":"https:\/\/contrastesdaplanicie.pt\/es\/servicios\/","og_locale":"es_ES","og_type":"article","og_title":"Servi\u00e7os de Constru\u00e7\u00e3o, Reabilita\u00e7\u00e3o e Obras - Contrastes da Plan\u00edcie, Lda | Constru\u00e7\u00e3o civil, instala\u00e7\u00f5es el\u00e9ctricas, canaliza\u00e7\u00f5es e actividades especializadas","og_description":"Conhe\u00e7a os servi\u00e7os da Contrastes da Plan\u00edcie: Constru\u00e7\u00e3o de raiz, reabilita\u00e7\u00e3o de edif\u00edcios, infraestruturas e obras p\u00fablicas no Alentejo. Rigor t\u00e9cnico e qualidade em cada projeto. Pe\u00e7a o seu or\u00e7amento!","og_url":"https:\/\/contrastesdaplanicie.pt\/es\/servicios\/","og_site_name":"Contrastes da Plan\u00edcie, Lda | Constru\u00e7\u00e3o civil, instala\u00e7\u00f5es el\u00e9ctricas, canaliza\u00e7\u00f5es e actividades especializadas","article_modified_time":"2026-03-21T10:06:39+00:00","twitter_card":"summary_large_image","schema":{"@context":"https:\/\/schema.org","@graph":[{"@type":"WebPage","@id":"https:\/\/contrastesdaplanicie.pt\/servicos\/","url":"https:\/\/contrastesdaplanicie.pt\/servicos\/","name":"Servicios de Construcci\u00f3n, Rehabilitaci\u00f3n y Obras - Contrastes da Plan\u00edcie, Lda | Construcci\u00f3n civil, instalaciones el\u00e9ctricas, fontaner\u00eda y actividades especializadas","isPartOf":{"@id":"https:\/\/contrastesdaplanicie.pt\/#website"},"datePublished":"2025-12-04T12:18:35+00:00","dateModified":"2026-03-21T10:06:39+00:00","description":"Conozca los servicios de Contrastes da Plan\u00edcie: Construcci\u00f3n desde cero, rehabilitaci\u00f3n de edificios, infraestructuras y obras p\u00fablicas en el Alentejo. Rigor t\u00e9cnico y calidad en cada proyecto. \u00a1Pida su presupuesto!","breadcrumb":{"@id":"https:\/\/contrastesdaplanicie.pt\/servicos\/#breadcrumb"},"inLanguage":"es","potentialAction":[{"@type":"ReadAction","target":["https:\/\/contrastesdaplanicie.pt\/servicos\/"]}]},{"@type":"BreadcrumbList","@id":"https:\/\/contrastesdaplanicie.pt\/servicos\/#breadcrumb","itemListElement":[{"@type":"ListItem","position":1,"name":"Home","item":"https:\/\/contrastesdaplanicie.pt\/"},{"@type":"ListItem","position":2,"name":"Servi\u00e7os"}]},{"@type":"WebSite","@id":"https:\/\/contrastesdaplanicie.pt\/#website","url":"https:\/\/contrastesdaplanicie.pt\/","name":"Contrastes da Plan\u00edcie, Lda | Construcci\u00f3n, instalaciones el\u00e9ctricas, fontaner\u00eda y actividades especializadas","description":"","potentialAction":[{"@type":"SearchAction","target":{"@type":"EntryPoint","urlTemplate":"https:\/\/contrastesdaplanicie.pt\/?s={search_term_string}"},"query-input":{"@type":"PropertyValueSpecification","valueRequired":true,"valueName":"search_term_string"}}],"inLanguage":"es"}]}},"_links":{"self":[{"href":"https:\/\/contrastesdaplanicie.pt\/es\/wp-json\/wp\/v2\/pages\/338","targetHints":{"allow":["GET"]}}],"collection":[{"href":"https:\/\/contrastesdaplanicie.pt\/es\/wp-json\/wp\/v2\/pages"}],"about":[{"href":"https:\/\/contrastesdaplanicie.pt\/es\/wp-json\/wp\/v2\/types\/page"}],"author":[{"embeddable":true,"href":"https:\/\/contrastesdaplanicie.pt\/es\/wp-json\/wp\/v2\/users\/1"}],"replies":[{"embeddable":true,"href":"https:\/\/contrastesdaplanicie.pt\/es\/wp-json\/wp\/v2\/comments?post=338"}],"version-history":[{"count":26,"href":"https:\/\/contrastesdaplanicie.pt\/es\/wp-json\/wp\/v2\/pages\/338\/revisions"}],"predecessor-version":[{"id":601,"href":"https:\/\/contrastesdaplanicie.pt\/es\/wp-json\/wp\/v2\/pages\/338\/revisions\/601"}],"wp:attachment":[{"href":"https:\/\/contrastesdaplanicie.pt\/es\/wp-json\/wp\/v2\/media?parent=338"}],"curies":[{"name":"wp","href":"https:\/\/api.w.org\/{rel}","templated":true}]}}