{"id":3,"date":"2025-12-01T16:52:17","date_gmt":"2025-12-01T16:52:17","guid":{"rendered":"https:\/\/contrastesdaplanicie.pt\/?page_id=3"},"modified":"2026-03-21T10:15:57","modified_gmt":"2026-03-21T10:15:57","slug":"politica-de-privacidad","status":"publish","type":"page","link":"https:\/\/contrastesdaplanicie.pt\/es\/politica-de-privacidade\/","title":{"rendered":"Pol\u00edtica de privacidad"},"content":{"rendered":"<div class=\"et_pb_section_0 et_pb_section et_section_regular et_block_section\">\n<div class=\"et_pb_row_0 et_pb_row et_block_row\">\n<div class=\"et_pb_column_0 et_pb_column et_pb_column_4_4 et-last-child et_block_column et_pb_css_mix_blend_mode_passthrough\">\n<div class=\"et_pb_text_0 et_pb_text et_pb_bg_layout_light et_pb_module et_block_module\"><div class=\"et_pb_text_inner\"><h2>Pol\u00edtica de privacidad<\/h2>\n<\/div><\/div>\n\n<div class=\"et_pb_divider_0 et_pb_divider et_pb_space et_pb_divider_position_center et_pb_module\"><div class=\"et_pb_divider_internal\"><\/div><\/div>\n<\/div>\n<\/div>\n\n<div class=\"et_pb_row_1 et_pb_row et_block_row\">\n<div class=\"et_pb_column_1 et_pb_column et_pb_column_4_4 et-last-child et_block_column et_pb_css_mix_blend_mode_passthrough\">\n<div class=\"et_pb_text_1 et_pb_text et_pb_bg_layout_light et_pb_module et_block_module\"><div class=\"et_pb_text_inner\"><div class=\"et_pb_text_3 et_pb_text et_pb_bg_layout_light et_pb_module et_block_module\">\n<div class=\"et_pb_text_inner\">\n<h2 class=\"wp-block-heading\" id=\"1-1-introducao\">Introducci\u00f3n<\/h2>\n<p>La navegaci\u00f3n en el\u00a0<em>sitio web<\/em> de <strong>Contrastes da Plan\u00edcie - Lda<\/strong> supone la comprensi\u00f3n y aceptaci\u00f3n de la presente Pol\u00edtica de Privacidad y Protecci\u00f3n de Datos.<\/p>\n<p>A <strong>Contrastes da Plan\u00edcie - Lda<\/strong> mantiene una preocupaci\u00f3n constante por la defensa de la privacidad de los datos personales y una actuaci\u00f3n preventiva en lo que respecta a la seguridad de los <em>sitio web<\/em>, de las dem\u00e1s aplicaciones y plataformas de las que es titular, as\u00ed como a la protecci\u00f3n de los datos de sus clientes y visitantes.<\/p>\n<p>Para reforzar las garant\u00edas de confidencialidad de los datos personales, se han implementado nuevas medidas de protecci\u00f3n de datos, tanto en lo que respecta a la verificaci\u00f3n de la legitimidad del uso de los datos personales tratados como al cumplimiento de los derechos reconocidos a los titulares de dichos datos. En este contexto, y mediante la especializaci\u00f3n de los canales de atenci\u00f3n al cliente, se pretende promover una comunicaci\u00f3n m\u00e1s clara y objetiva de los fines subyacentes al tratamiento de los datos personales y la transparencia de las operaciones de tratamiento de los mismos.<\/p>\n<p>Por lo tanto, la informaci\u00f3n contenida en este texto tiene por objeto transmitir, de forma clara e inequ\u00edvoca, el contenido de la pol\u00edtica de privacidad y protecci\u00f3n de los datos personales que ser\u00e1n objeto de tratamiento en los t\u00e9rminos previstos en el Reglamento General de Protecci\u00f3n de Datos vigente (en adelante, RGPD) y delimitado por el contenido de la relaci\u00f3n comercial que se establecer\u00e1 entre el titular de los datos y la <strong>Contrastes da Plan\u00edcie - Lda<\/strong>.<\/p>\n<h2 class=\"wp-block-heading\" id=\"1-2-dados-pessoais-recolhidos\">Datos personales recopilados<\/h2>\n<p>En t\u00e9rminos generales, se recopilan datos personales en dos situaciones que se derivan directamente de la actividad de la <strong>Contrastes da Plan\u00edcie - Lda<\/strong>, contacto a trav\u00e9s del formulario y Whatsapp.<\/p>\n<p>A efectos de la puesta en marcha de otras funcionalidades ofrecidas por la <strong>Contrastes da Plan\u00edcie - Lda<\/strong> A petici\u00f3n del cliente, se podr\u00e1n solicitar datos personales adicionales que ser\u00e1n objeto de tratamiento seg\u00fan lo previsto en los t\u00e9rminos y condiciones de uso de los mismos.<\/p>\n<p>Los datos facilitados se conservar\u00e1n mientras exista un consentimiento v\u00e1lido. Dichos datos se archivar\u00e1n en una base de datos propia, anonimizada y creada a tal efecto, y solo durante el tiempo estrictamente necesario para tales fines.<\/p>\n<p>Cualquier funcionalidad o plataforma de la que la <strong>Contrastes da Plan\u00edcie - Lda<\/strong> sea titular y que el cliente desee utilizar estar\u00e1 condicionada a la aceptaci\u00f3n de los t\u00e9rminos y condiciones de uso respectivos, as\u00ed como, cuando se especifique expresamente, de la pol\u00edtica de privacidad y protecci\u00f3n de datos correspondiente. Todas las cuestiones no previstas expresamente en dichos textos se regir\u00e1n, con las adaptaciones necesarias, por los t\u00e9rminos definidos en el presente texto.<\/p>\n<p><strong>\u00bfPara qu\u00e9 se utilizan los datos recopilados?<\/strong><\/p>\n<p>Los datos del cliente son objeto de tratamiento en el marco de la realizaci\u00f3n de acciones tales como el procesamiento de campa\u00f1as informativas, la notificaci\u00f3n al cliente de posibles modificaciones introducidas en las funcionalidades del <em>sitio web<\/em>, la realizaci\u00f3n de encuestas y la evaluaci\u00f3n de interacciones con fines estad\u00edsticos.<\/p>\n<p>Peri\u00f3dicamente y por correo electr\u00f3nico, el cliente tambi\u00e9n podr\u00e1 recibir informaci\u00f3n sobre productos y servicios, campa\u00f1as, promociones y ofertas especiales. Si no desea ser contactado para estos fines, el cliente deber\u00e1 ponerse en contacto con <strong>Contrastes da Plan\u00edcie - Lda<\/strong>, a trav\u00e9s del correo electr\u00f3nico <strong>contrastedaplanicie@gmail.com<\/strong> o formulario del sitio web.<\/p>\n<h5><strong>Comunicaciones individualizadas para promocionar productos o servicios.<\/strong><\/h5>\n<p>A <strong>Contrastes da Plan\u00edcie - Lda<\/strong> puede enviar o no enviar mensajes de correo electr\u00f3nico, en forma de notificaciones o boletines informativos, en el marco de campa\u00f1as promocionales generales o dirigidas al cliente. En ambos casos, el env\u00edo de dichas comunicaciones solo se realiza tras la confirmaci\u00f3n de que el cliente ha dado su consentimiento de forma expresa e inequ\u00edvoca y de que ha sido informado de su derecho a cancelar, en cualquier momento, los permisos concedidos a tal efecto.<\/p>\n<p>El tratamiento de los datos personales realizado en el marco de las comunicaciones individualizadas se lleva a cabo en estricto cumplimiento del RGPD, tanto por parte de los empleados de <strong>Contrastes da Plan\u00edcie - Lda<\/strong>, ya sea por posibles terceros a quienes se transmitan dichos datos con el fin de prestar los servicios necesarios para la realizaci\u00f3n de las campa\u00f1as promocionales.<\/p>\n<h5><strong>Redireccionamiento<\/strong><\/h5>\n<p>Algunos enlaces de este sitio web redirigen al cliente a sitios web externos, socios de <strong>Contrastes da Plan\u00edcie - Lda<\/strong>. Al hacer clic en estos enlaces, el visitante abandonar\u00e1 el sitio web de <strong>Contrastes da Plan\u00edcie - Lda<\/strong>. Como no es posible controlar estos sitios web, la <strong>Contrastes da Plan\u00edcie - Lda<\/strong> no tendr\u00e1 ninguna responsabilidad sobre cualquier contenido disponible en los mismos. La navegaci\u00f3n y el uso de cualquier plataforma, titulada por <strong>Contrastes da Plan\u00edcie - Lda<\/strong> o cualquiera de sus socios representar\u00e1 la aceptaci\u00f3n de las condiciones de uso de las mismas en los t\u00e9rminos espec\u00edficamente determinados para tal efecto.<\/p>\n<h2 class=\"wp-block-heading\" id=\"1-3-seguranca-licitude-lealdade-e-transparencia\">Seguridad, legalidad, lealtad y transparencia<\/h2>\n<p>A <strong>Contrastes da Plan\u00edcie - Lda<\/strong> utiliza uno de los sistemas online m\u00e1s seguros que existen y mejora constantemente su software para garantizar el tratamiento m\u00e1s eficaz de los datos de sus clientes y su confianza. Un certificado de servidor, tambi\u00e9n conocido como certificado digital, garantiza la identidad de la <strong>Contrastes da Plan\u00edcie - Lda<\/strong>, as\u00ed como un cifrado SSL (Secure Sockets Layer \u2013 Protocolo de Capa de Sockets Seguros) de los datos transmitidos.<\/p>\n<p>Todos los datos personales de los clientes de <strong>Contrastes da Plan\u00edcie - Lda<\/strong> ser\u00e1n objeto de un tratamiento l\u00edcito, leal y transparente en relaci\u00f3n con el titular de los datos. Por este motivo, el titular de los datos podr\u00e1 ponerse en contacto en cualquier momento con la <strong>Contrastes da Plan\u00edcie - Lda<\/strong> para aclarar cualquier duda relacionada con este tema.<\/p>\n<h2 class=\"wp-block-heading\" id=\"1-4-acesso-e-limitacao-das-finalidades\">Acceso y limitaci\u00f3n de los fines<\/h2>\n<p>A <strong>Contrastes da Plan\u00edcie - Lda<\/strong> se compromete a utilizar los datos personales de sus clientes y visitantes para los fines estrictamente necesarios para el desarrollo de su actividad, con las limitaciones derivadas del \u00e1mbito de la misma o del alcance del consentimiento expresamente otorgado por el titular correspondiente. Esto significa, adem\u00e1s, que los datos no se transmitir\u00e1n a terceros sin el conocimiento y\/o autorizaci\u00f3n del mismo en los casos en que la <strong>Contrastes da Plan\u00edcie - Lda<\/strong> siempre que est\u00e9 legalmente obligada a ello.<\/p>\n<p>En este sentido, la <strong>Contrastes da Plan\u00edcie - Lda<\/strong> asegura, adem\u00e1s, que el acceso a dichos datos por parte de sus colaboradores solo se realiza en la medida estrictamente necesaria para la ejecuci\u00f3n de la acci\u00f3n en cuesti\u00f3n, estando estos identificados y rastreados de acuerdo con las funciones y tareas que se les asignan en el marco de la relaci\u00f3n contractual que los une.<\/p>\n<p>Todos los datos personales tratados por <strong>Contrastes da Plan\u00edcie - Lda<\/strong>, tanto si han sido facilitados directamente y de forma voluntaria por su titular como si han sido recopilados por <strong>Contrastes da Plan\u00edcie - Lda<\/strong> a efectos de la ejecuci\u00f3n del contrato que la vincula a dicho cliente o de la puesta en marcha de cualquier funcionalidad puesta a disposici\u00f3n a petici\u00f3n del cliente, se eliminar\u00e1n definitivamente tan pronto como se confirme que ya no son necesarios. Por este motivo, la conservaci\u00f3n de los datos personales de los clientes se ajustar\u00e1 a los principios de minimizaci\u00f3n de datos y limitaci\u00f3n de la conservaci\u00f3n, ya que solo se recopilan los datos estrictamente necesarios para el cumplimiento de las obligaciones legales y contractuales que incumben a la <strong>Contrastes da Plan\u00edcie - Lda<\/strong> y que estos se conservar\u00e1n y archivar\u00e1n en una base de datos propia solo durante el tiempo estrictamente necesario para tales fines.<\/p>\n<h2 class=\"wp-block-heading\" id=\"1-5-direitos-dos-titulares-de-dados-pessoais\">Derechos de los titulares de datos personales<\/h2>\n<h5><strong>Derecho a la informaci\u00f3n y acceso a los datos personales<\/strong><\/h5>\n<p>En cualquier momento, el cliente puede solicitar informaci\u00f3n sobre los datos personales almacenados, ya sea en lo que respecta a la categor\u00eda de los datos personales en cuesti\u00f3n, el origen y los destinatarios de los mismos, la duraci\u00f3n del plazo de conservaci\u00f3n y los fines subyacentes, o en lo que se refiere a la identificaci\u00f3n del responsable del tratamiento de los datos, del encargado de la protecci\u00f3n de datos y de los respectivos contactos.<\/p>\n<h5><strong>Derecho de rectificaci\u00f3n y derecho a la eliminaci\u00f3n de los datos personales<\/strong><\/h5>\n<p>Si desea ejercer su derecho de rectificaci\u00f3n de datos, el cliente deber\u00e1 enviar la solicitud correspondiente, identificando los datos que desea modificar y la nueva redacci\u00f3n de los mismos, mediante un correo electr\u00f3nico enviado a <strong>contrastedaplanicie@gmail.com<\/strong> o mediante carta certificada enviada al responsable del tratamiento de los datos: <strong>Contrastes da Plan\u00edcie - Lda<\/strong>, <span>Calle Jos\u00e9 Carlos Pic\u00e3o Caldeira, n.\u00ba 2 7350-501 Portalegre<\/span>, Portugal. Se deber\u00e1 seguir el mismo procedimiento en caso de que el cliente desee ejercer su derecho a la eliminaci\u00f3n de los datos personales. En ambos casos, el cliente recibir\u00e1 la confirmaci\u00f3n, por el mismo canal utilizado, de que su solicitud ha sido atendida seg\u00fan lo solicitado.<\/p>\n<h5><strong>Derecho a la limitaci\u00f3n del tratamiento, a la oposici\u00f3n y a retirar el consentimiento previo<\/strong><\/h5>\n<p>En refuerzo del principio de transparencia en el tratamiento de los datos personales y las comunicaciones con el cliente, la <strong>Contrastes da Plan\u00edcie - Lda<\/strong> permite que, en cualquier momento, el cliente pueda modificar los permisos de tratamiento de datos concedidos para cada una de las finalidades indicadas.<\/p>\n<h2 class=\"wp-block-heading\" id=\"1-6-aplicacao-subsidiaria\">Aplicaci\u00f3n subsidiaria<\/h2>\n<p>El presente texto regula todas las cuestiones relativas a la privacidad y la protecci\u00f3n de los datos personales tratados en el marco del uso de las aplicaciones y dem\u00e1s funcionalidades puestas a disposici\u00f3n por <strong>Contrastes da Plan\u00edcie - Lda<\/strong>, ya sea que est\u00e9n accesibles a trav\u00e9s de un hiperv\u00ednculo existente en el sitio web o en cualquier otra plataforma de la que la <strong>Contrastes da Plan\u00edcie - Lda<\/strong> sea titular, siendo directamente y subsidiariamente aplicable a todas las situaciones que no est\u00e9n espec\u00edficamente reguladas.<\/p>\n<h2 class=\"wp-block-heading\" id=\"1-7-alteracoes-a-politica-de-privacidade-e-contactos\">Cambios en la pol\u00edtica de privacidad y contactos<\/h2>\n<p>Cualquier modificaci\u00f3n realizada a la presente Pol\u00edtica de Privacidad y Protecci\u00f3n de Datos se publicar\u00e1 en el sitio web de <strong>Contrastes da Plan\u00edcie - Lda<\/strong> todas las versiones anteriores a la presente estar\u00e1n disponibles a petici\u00f3n expresa del cliente.<\/p>\n<p>En el sentido establecido por el RGPD, la sociedad mercantil <strong>Contrastes da Plan\u00edcie - Lda<\/strong>, con sede en <span>Calle Jos\u00e9 Carlos Pic\u00e3o Caldeira, n.\u00ba 2 7350-501 Portalegre<\/span>, Portugal, es el responsable del tratamiento de los datos personales.<\/p>\n<p>Las irregularidades, situaciones de incumplimiento y cualquier restricci\u00f3n de seguridad en el tratamiento de los datos personales deben comunicarse inmediatamente al responsable de protecci\u00f3n de datos de <strong>Contrastes da Plan\u00edcie - Lda<\/strong>, enviando un correo electr\u00f3nico a: <strong>contrastedaplanicie@gmail.com<\/strong><strong>.<\/strong><\/p>\n<\/div>\n<\/div>\n<\/div><\/div>\n<\/div>\n<\/div>\n<\/div>","protected":false},"excerpt":{"rendered":"","protected":false},"author":1,"featured_media":0,"parent":0,"menu_order":0,"comment_status":"closed","ping_status":"closed","template":"","meta":{"footnotes":""},"class_list":["post-3","page","type-page","status-publish","hentry"],"yoast_head":"<!-- This site is optimized with the Yoast SEO plugin v27.2 - https:\/\/yoast.com\/product\/yoast-seo-wordpress\/ -->\n<title>Pol\u00edtica de Privacidade e Prote\u00e7\u00e3o de Dados - Contrastes da Plan\u00edcie, Lda | Constru\u00e7\u00e3o civil, instala\u00e7\u00f5es el\u00e9ctricas, canaliza\u00e7\u00f5es e actividades especializadas<\/title>\n<meta name=\"description\" content=\"Consulte a Pol\u00edtica de Privacidade da Contrastes da Plan\u00edcie. Saiba como protegemos os seus dados pessoais e garantimos a transpar\u00eancia no tratamento de informa\u00e7\u00f5es no nosso site.\" \/>\n<meta name=\"robots\" content=\"index, follow, max-snippet:-1, max-image-preview:large, max-video-preview:-1\" \/>\n<link rel=\"canonical\" href=\"https:\/\/contrastesdaplanicie.pt\/es\/politica-de-privacidad\/\" \/>\n<meta property=\"og:locale\" content=\"es_ES\" \/>\n<meta property=\"og:type\" content=\"article\" \/>\n<meta property=\"og:title\" content=\"Pol\u00edtica de Privacidade e Prote\u00e7\u00e3o de Dados - Contrastes da Plan\u00edcie, Lda | Constru\u00e7\u00e3o civil, instala\u00e7\u00f5es el\u00e9ctricas, canaliza\u00e7\u00f5es e actividades especializadas\" \/>\n<meta property=\"og:description\" content=\"Consulte a Pol\u00edtica de Privacidade da Contrastes da Plan\u00edcie. Saiba como protegemos os seus dados pessoais e garantimos a transpar\u00eancia no tratamento de informa\u00e7\u00f5es no nosso site.\" \/>\n<meta property=\"og:url\" content=\"https:\/\/contrastesdaplanicie.pt\/es\/politica-de-privacidad\/\" \/>\n<meta property=\"og:site_name\" content=\"Contrastes da Plan\u00edcie, Lda | Constru\u00e7\u00e3o civil, instala\u00e7\u00f5es el\u00e9ctricas, canaliza\u00e7\u00f5es e actividades especializadas\" \/>\n<meta property=\"article:modified_time\" content=\"2026-03-21T10:15:57+00:00\" \/>\n<meta name=\"twitter:card\" content=\"summary_large_image\" \/>\n<script type=\"application\/ld+json\" class=\"yoast-schema-graph\">{\"@context\":\"https:\/\/schema.org\",\"@graph\":[{\"@type\":\"WebPage\",\"@id\":\"https:\/\/contrastesdaplanicie.pt\/politica-de-privacidade\/\",\"url\":\"https:\/\/contrastesdaplanicie.pt\/politica-de-privacidade\/\",\"name\":\"Pol\u00edtica de Privacidade e Prote\u00e7\u00e3o de Dados - Contrastes da Plan\u00edcie, Lda | Constru\u00e7\u00e3o civil, instala\u00e7\u00f5es el\u00e9ctricas, canaliza\u00e7\u00f5es e actividades especializadas\",\"isPartOf\":{\"@id\":\"https:\/\/contrastesdaplanicie.pt\/#website\"},\"datePublished\":\"2025-12-01T16:52:17+00:00\",\"dateModified\":\"2026-03-21T10:15:57+00:00\",\"description\":\"Consulte a Pol\u00edtica de Privacidade da Contrastes da Plan\u00edcie. Saiba como protegemos os seus dados pessoais e garantimos a transpar\u00eancia no tratamento de informa\u00e7\u00f5es no nosso site.\",\"breadcrumb\":{\"@id\":\"https:\/\/contrastesdaplanicie.pt\/politica-de-privacidade\/#breadcrumb\"},\"inLanguage\":\"es\",\"potentialAction\":[{\"@type\":\"ReadAction\",\"target\":[\"https:\/\/contrastesdaplanicie.pt\/politica-de-privacidade\/\"]}]},{\"@type\":\"BreadcrumbList\",\"@id\":\"https:\/\/contrastesdaplanicie.pt\/politica-de-privacidade\/#breadcrumb\",\"itemListElement\":[{\"@type\":\"ListItem\",\"position\":1,\"name\":\"Home\",\"item\":\"https:\/\/contrastesdaplanicie.pt\/\"},{\"@type\":\"ListItem\",\"position\":2,\"name\":\"Pol\u00edtica de privacidade\"}]},{\"@type\":\"WebSite\",\"@id\":\"https:\/\/contrastesdaplanicie.pt\/#website\",\"url\":\"https:\/\/contrastesdaplanicie.pt\/\",\"name\":\"Contrastes da Plan\u00edcie, Lda | Constru\u00e7\u00e3o civil, instala\u00e7\u00f5es el\u00e9ctricas, canaliza\u00e7\u00f5es e actividades especializadas\",\"description\":\"\",\"potentialAction\":[{\"@type\":\"SearchAction\",\"target\":{\"@type\":\"EntryPoint\",\"urlTemplate\":\"https:\/\/contrastesdaplanicie.pt\/?s={search_term_string}\"},\"query-input\":{\"@type\":\"PropertyValueSpecification\",\"valueRequired\":true,\"valueName\":\"search_term_string\"}}],\"inLanguage\":\"es\"}]}<\/script>\n<!-- \/ Yoast SEO plugin. -->","yoast_head_json":{"title":"Pol\u00edtica de privacidad y protecci\u00f3n de datos - Contrastes da Plan\u00edcie, Lda | Construcci\u00f3n, instalaciones el\u00e9ctricas, fontaner\u00eda y actividades especializadas","description":"Consulte la Pol\u00edtica de privacidad de Contrastes da Plan\u00edcie. Descubra c\u00f3mo protegemos sus datos personales y garantizamos la transparencia en el tratamiento de la informaci\u00f3n en nuestro sitio web.","robots":{"index":"index","follow":"follow","max-snippet":"max-snippet:-1","max-image-preview":"max-image-preview:large","max-video-preview":"max-video-preview:-1"},"canonical":"https:\/\/contrastesdaplanicie.pt\/es\/politica-de-privacidad\/","og_locale":"es_ES","og_type":"article","og_title":"Pol\u00edtica de Privacidade e Prote\u00e7\u00e3o de Dados - Contrastes da Plan\u00edcie, Lda | Constru\u00e7\u00e3o civil, instala\u00e7\u00f5es el\u00e9ctricas, canaliza\u00e7\u00f5es e actividades especializadas","og_description":"Consulte a Pol\u00edtica de Privacidade da Contrastes da Plan\u00edcie. Saiba como protegemos os seus dados pessoais e garantimos a transpar\u00eancia no tratamento de informa\u00e7\u00f5es no nosso site.","og_url":"https:\/\/contrastesdaplanicie.pt\/es\/politica-de-privacidad\/","og_site_name":"Contrastes da Plan\u00edcie, Lda | Constru\u00e7\u00e3o civil, instala\u00e7\u00f5es el\u00e9ctricas, canaliza\u00e7\u00f5es e actividades especializadas","article_modified_time":"2026-03-21T10:15:57+00:00","twitter_card":"summary_large_image","schema":{"@context":"https:\/\/schema.org","@graph":[{"@type":"WebPage","@id":"https:\/\/contrastesdaplanicie.pt\/politica-de-privacidade\/","url":"https:\/\/contrastesdaplanicie.pt\/politica-de-privacidade\/","name":"Pol\u00edtica de privacidad y protecci\u00f3n de datos - Contrastes da Plan\u00edcie, Lda | Construcci\u00f3n, instalaciones el\u00e9ctricas, fontaner\u00eda y actividades especializadas","isPartOf":{"@id":"https:\/\/contrastesdaplanicie.pt\/#website"},"datePublished":"2025-12-01T16:52:17+00:00","dateModified":"2026-03-21T10:15:57+00:00","description":"Consulte la Pol\u00edtica de privacidad de Contrastes da Plan\u00edcie. Descubra c\u00f3mo protegemos sus datos personales y garantizamos la transparencia en el tratamiento de la informaci\u00f3n en nuestro sitio web.","breadcrumb":{"@id":"https:\/\/contrastesdaplanicie.pt\/politica-de-privacidade\/#breadcrumb"},"inLanguage":"es","potentialAction":[{"@type":"ReadAction","target":["https:\/\/contrastesdaplanicie.pt\/politica-de-privacidade\/"]}]},{"@type":"BreadcrumbList","@id":"https:\/\/contrastesdaplanicie.pt\/politica-de-privacidade\/#breadcrumb","itemListElement":[{"@type":"ListItem","position":1,"name":"Home","item":"https:\/\/contrastesdaplanicie.pt\/"},{"@type":"ListItem","position":2,"name":"Pol\u00edtica de privacidade"}]},{"@type":"WebSite","@id":"https:\/\/contrastesdaplanicie.pt\/#website","url":"https:\/\/contrastesdaplanicie.pt\/","name":"Contrastes da Plan\u00edcie, Lda | Construcci\u00f3n, instalaciones el\u00e9ctricas, fontaner\u00eda y actividades especializadas","description":"","potentialAction":[{"@type":"SearchAction","target":{"@type":"EntryPoint","urlTemplate":"https:\/\/contrastesdaplanicie.pt\/?s={search_term_string}"},"query-input":{"@type":"PropertyValueSpecification","valueRequired":true,"valueName":"search_term_string"}}],"inLanguage":"es"}]}},"_links":{"self":[{"href":"https:\/\/contrastesdaplanicie.pt\/es\/wp-json\/wp\/v2\/pages\/3","targetHints":{"allow":["GET"]}}],"collection":[{"href":"https:\/\/contrastesdaplanicie.pt\/es\/wp-json\/wp\/v2\/pages"}],"about":[{"href":"https:\/\/contrastesdaplanicie.pt\/es\/wp-json\/wp\/v2\/types\/page"}],"author":[{"embeddable":true,"href":"https:\/\/contrastesdaplanicie.pt\/es\/wp-json\/wp\/v2\/users\/1"}],"replies":[{"embeddable":true,"href":"https:\/\/contrastesdaplanicie.pt\/es\/wp-json\/wp\/v2\/comments?post=3"}],"version-history":[{"count":13,"href":"https:\/\/contrastesdaplanicie.pt\/es\/wp-json\/wp\/v2\/pages\/3\/revisions"}],"predecessor-version":[{"id":538,"href":"https:\/\/contrastesdaplanicie.pt\/es\/wp-json\/wp\/v2\/pages\/3\/revisions\/538"}],"wp:attachment":[{"href":"https:\/\/contrastesdaplanicie.pt\/es\/wp-json\/wp\/v2\/media?parent=3"}],"curies":[{"name":"wp","href":"https:\/\/api.w.org\/{rel}","templated":true}]}}