{"id":182,"date":"2025-12-02T16:29:10","date_gmt":"2025-12-02T16:29:10","guid":{"rendered":"https:\/\/contrastesdaplanicie.pt\/?page_id=182"},"modified":"2026-03-21T10:17:44","modified_gmt":"2026-03-21T10:17:44","slug":"politica-de-cookies","status":"publish","type":"page","link":"https:\/\/contrastesdaplanicie.pt\/es\/politica-de-cookies\/","title":{"rendered":"Pol\u00edtica de cookies"},"content":{"rendered":"<div class=\"et_pb_section_0 et_pb_section et_section_regular et_block_section\">\n<div class=\"et_pb_row_0 et_pb_row et_block_row\">\n<div class=\"et_pb_column_0 et_pb_column et_pb_column_4_4 et-last-child et_block_column et_pb_css_mix_blend_mode_passthrough\">\n<div class=\"et_pb_text_0 et_pb_text et_pb_bg_layout_light et_pb_module et_block_module\"><div class=\"et_pb_text_inner\"><h2>Pol\u00edtica de cookies<\/h2>\n<\/div><\/div>\n\n<div class=\"et_pb_divider_0 et_pb_divider et_pb_space et_pb_divider_position_center et_pb_module\"><div class=\"et_pb_divider_internal\"><\/div><\/div>\n<\/div>\n<\/div>\n\n<div class=\"et_pb_row_1 et_pb_row et_block_row\">\n<div class=\"et_pb_column_1 et_pb_column et_pb_column_4_4 et-last-child et_block_column et_pb_css_mix_blend_mode_passthrough\">\n<div class=\"et_pb_text_1 et_pb_text et_pb_bg_layout_light et_pb_module et_block_module\"><div class=\"et_pb_text_inner\"><h2><strong><em>Cookies<\/em>\u00a0y otras herramientas de marketing<\/strong><\/h2>\n<h5><strong>Clasificaci\u00f3n y descripci\u00f3n de las Cookies utilizadas por Contrastes da Plan\u00edcie - Lda<\/strong><\/h5>\n<h3><strong>En cuanto al tipo:<\/strong><\/h3>\n<p><strong>Imprescindibles<\/strong>\u00a0\u2013 permiten la navegaci\u00f3n en el\u00a0<em>sitio web<\/em>\u00a0y el uso de sus funciones. Sin estas\u00a0<em>cookies<\/em>, los pedidos no pueden procesarse. <strong>No esenciales, de funcionalidad o rendimiento<\/strong>\u00a0\u2013 recopilan informaci\u00f3n sobre c\u00f3mo utiliza el usuario el\u00a0<em>sitio web<\/em> con el fin de mejorar su funcionalidad. Permiten verificar cu\u00e1les son las \u00e1reas de mayor inter\u00e9s para el cliente, midiendo la eficacia de las campa\u00f1as promocionales. De esta forma, la <strong>Contrastes da Plan\u00edcie - Lda<\/strong> es capaz de identificar los productos y promociones que mejor se adaptan a los intereses y necesidades del cliente, lo que har\u00e1 mediante: la elaboraci\u00f3n de estad\u00edsticas en funci\u00f3n del comportamiento no individualizado del cliente y el consiguiente uso del\u00a0<em>sitio web<\/em>; la medici\u00f3n de la eficacia de las campa\u00f1as publicitarias; la consiguiente introducci\u00f3n de mejoras en la navegaci\u00f3n, etc., con el \u00fanico fin de mejorar el rendimiento y la eficacia de respuesta del\u00a0<em>sitio web<\/em>. Por este motivo, tambi\u00e9n las\u00a0<em>cookies<\/em>\u00a0Las pruebas de rendimiento proporcionadas por terceros autorizados se utilizan dentro de los l\u00edmites de los fines aqu\u00ed indicados. <strong>Anal\u00edticas<\/strong>\u00a0\u2013 utilizadas de forma an\u00f3nima con fines estad\u00edsticos y para mejorar el funcionamiento del\u00a0<em>sitio web<\/em>, sin recopilar informaci\u00f3n de car\u00e1cter personal. Permiten destacar art\u00edculos que pueden ser de inter\u00e9s para los clientes o visitantes, supervisar el rendimiento del\u00a0<em>sitio web<\/em>, determinar el m\u00e9todo m\u00e1s eficaz para enlazar p\u00e1ginas o incluso la raz\u00f3n por la que algunas p\u00e1ginas est\u00e1n recibiendo mensajes de error.<\/p>\n<h3><strong>En cuanto a la validez:<\/strong><\/h3>\n<p><strong>Permanentes<\/strong>\u00a0\u2013 almacenadas en el ordenador o dispositivo del cliente, entre sesiones de\u00a0<em>navegador,<\/em>\u00a0con el fin de mantener las configuraciones o preferencias y mejorar el uso del\u00a0<em>sitio web<\/em>\u00a0en la pr\u00f3xima visita. Algunas de estas\u00a0<em>cookies<\/em>\u00a0son proporcionados por terceros autorizados, sin embargo, con la limitaci\u00f3n de los siguientes fines: presentaci\u00f3n de campa\u00f1as y productos, considerados de inter\u00e9s para el cliente;\u00a0<em>retargeting<\/em> \u2013 publicidad de productos <strong>Contrastes da Plan\u00edcie - Lda<\/strong> en\u00a0<em>sitios web<\/em>\u00a0de socios o redes sociales, sin almacenamiento de datos personales ni perfiles de usuarios, por lo que no se presupone la transmisi\u00f3n de ning\u00fan dato personal a terceros, ya que la publicidad es totalmente an\u00f3nima. <strong>De sesi\u00f3n<\/strong>\u00a0\u2013 limitadas a cada una de las sesiones iniciadas por el usuario, por lo que expiran cada vez que se finaliza una sesi\u00f3n en el\u00a0<em>navegador<\/em>. Pueden tener como finalidad indicar los productos que se han a\u00f1adido anteriormente al carrito de la compra, detectar problemas y garantizar una mejor experiencia de navegaci\u00f3n. Algunas\u00a0<em>cookies<\/em>\u00a0Las sesiones pueden constituir adem\u00e1s una garant\u00eda para reforzar la seguridad. \u00b7\u00a0<em>Cookies<\/em> utilizadas por <strong>Contrastes da Plan\u00edcie - Lda<\/strong> Permanecen en el navegador de Internet utilizado solo durante la sesi\u00f3n y se desactivan si se detecta un periodo de inactividad del usuario de aproximadamente 20 segundos. Independientemente de la duraci\u00f3n de la sesi\u00f3n, el usuario siempre puede desactivar estas cookies mediante la gesti\u00f3n de la configuraci\u00f3n del navegador que utilice. <strong>Google Analytics<\/strong> <a href=\"https:\/\/developers.google.com\/analytics\/devguides\/collection\/analyticsjs\/cookie-usage?hl=pt-pt\">https:\/\/developers.google.com\/analytics\/devguides\/collection\/analyticsjs\/cookie-usage?hl=pt-pt<\/a><\/p>\n<figure class=\"wp-block-table\">\n<table class=\"tabelaDados\">\n<tbody>\n<tr>\n<td><strong>Nombre<\/strong><\/td>\n<td><strong>Finalidad<\/strong><\/td>\n<td><strong>Validez<\/strong><\/td>\n<td><strong>Tipo<\/strong><\/td>\n<\/tr>\n<tr>\n<td>_ga<\/td>\n<td>distinguir a los usuarios<\/td>\n<td>determinada por el proveedor<\/td>\n<td>HTTP<\/td>\n<\/tr>\n<tr>\n<td>_gat<\/td>\n<td>acelerar el porcentaje de solicitudes<\/td>\n<td>determinada por el proveedor<\/td>\n<td>HTTP<\/td>\n<\/tr>\n<tr>\n<td>__utma<\/td>\n<td>distinguir usuarios y sesiones. La cookie se crea cuando se ejecuta la biblioteca javascript y no existe ninguna cookie __utma. Se actualiza cada vez que se env\u00edan datos a Google Analytics.<\/td>\n<td>determinada por el proveedor<\/td>\n<td>HTTP<\/td>\n<\/tr>\n<tr>\n<td>__utmb<\/td>\n<td>determinar nuevas sesiones\/visitas. La cookie se crea cuando se ejecuta la biblioteca javascript y no existe ninguna cookie __utmb. Se actualiza cada vez que se env\u00edan datos a Google Analytics.<\/td>\n<td>determinada por el proveedor<\/td>\n<td>HTTP<\/td>\n<\/tr>\n<tr>\n<td>__utmz<\/td>\n<td>Almacena el origen del tr\u00e1fico o la campa\u00f1a por la que el usuario lleg\u00f3 a su sitio web. Se crea cuando se ejecuta la biblioteca JavaScript y se actualiza cada vez que se env\u00edan datos a Google Analytics. Se actualiza cada vez que se env\u00edan datos a Google Analytics.<\/td>\n<td>determinada por el proveedor<\/td>\n<td>HTTP<\/td>\n<\/tr>\n<\/tbody>\n<\/table>\n<\/figure>\n<p><strong>Youtube<\/strong><\/p>\n<figure class=\"wp-block-table\">\n<table class=\"tabelaDados\">\n<tbody>\n<tr>\n<td><strong>Nombre<\/strong><\/td>\n<td><strong>Finalidad<\/strong><\/td>\n<td><strong>Validez<\/strong><\/td>\n<td><strong>Tipo<\/strong><\/td>\n<\/tr>\n<tr>\n<td>SID LOGIN_INFO PREF SSID HSID VISITOR_INFO1_LIVE<\/td>\n<td>almacenar las preferencias de los usuarios y algunas contienen informaci\u00f3n suficiente para poder ser rastreadas<\/td>\n<td>determinada por el proveedor<\/td>\n<td>HTTP<\/td>\n<\/tr>\n<\/tbody>\n<\/table>\n<\/figure>\n<p><strong>AddThis<\/strong> <a href=\"https:\/\/www.addthis.com\/privacy\/terms-of-service\/pt\/\">https:\/\/www.addthis.com\/privacy\/terms-of-service\/pt\/<\/a><\/p>\n<figure class=\"wp-block-table\">\n<table class=\"tabelaDados\">\n<tbody>\n<tr>\n<td><strong>Nombre<\/strong><\/td>\n<td><strong>Finalidad<\/strong><\/td>\n<td><strong>Validez<\/strong><\/td>\n<td><strong>Tipo<\/strong><\/td>\n<\/tr>\n<tr>\n<td>Uid<\/td>\n<td>identificar el ID de usuario generado autom\u00e1ticamente y asignado de forma exclusiva<\/td>\n<td>determinada por el proveedor<\/td>\n<td>HTTP<\/td>\n<\/tr>\n<tr>\n<td>di\/dt<\/td>\n<td>gestionar la caducidad de otros\u00a0<em>cookies<\/em><\/td>\n<td>determinada por el proveedor<\/td>\n<td>HTTP<\/td>\n<\/tr>\n<tr>\n<td>Bt<\/td>\n<td>modelar los intereses del usuario<\/td>\n<td>determinada por el proveedor<\/td>\n<td>HTTP<\/td>\n<\/tr>\n<tr>\n<td>Uvc<\/td>\n<td>medir el n\u00famero de veces que se utiliza el servicio AddThis.com<\/td>\n<td>determinada por el proveedor<\/td>\n<td>HTTP<\/td>\n<\/tr>\n<tr>\n<td>ssc psc uvc<\/td>\n<td>grabar lo que los usuarios comparten y su actividad social<\/td>\n<td>determinada por el proveedor<\/td>\n<td>HTTP<\/td>\n<\/tr>\n<tr>\n<td>Loc<\/td>\n<td>geolocalizar a las personas que comparten informaci\u00f3n<\/td>\n<td>determinada por el proveedor<\/td>\n<td>HTTP<\/td>\n<\/tr>\n<tr>\n<td>__atuvc __atuvs<\/td>\n<td>creadas y le\u00eddas por AddThis,\u00a0<em>sitio web<\/em>\u00a0<em>javascript<\/em>\u00a0para compartir en las redes sociales<\/td>\n<td>determinada por el proveedor<\/td>\n<td>HTTP<\/td>\n<\/tr>\n<\/tbody>\n<\/table>\n<\/figure>\n<p><strong>Facebook<\/strong> <a href=\"https:\/\/www.facebook.com\/about\/privacy\">https:\/\/www.facebook.com\/about\/privacy<\/a><\/p>\n<figure class=\"wp-block-table\">\n<table class=\"tabelaDados\">\n<tbody>\n<tr>\n<td><strong>Nombre<\/strong><\/td>\n<td><strong>Finalidad<\/strong><\/td>\n<td><strong>Validez<\/strong><\/td>\n<td><strong>Tipo<\/strong><\/td>\n<\/tr>\n<tr>\n<td>_fbp<\/td>\n<td>mostrar publicidad en Facebook o en plataformas digitales que utilicen Facebook Advertising<\/td>\n<td>determinada por el proveedor<\/td>\n<td>HTTP<\/td>\n<\/tr>\n<\/tbody>\n<\/table>\n<\/figure>\n<h5><strong>Activar y desactivar <em>Cookies<\/em>\u00a0y tecnolog\u00edas similares<\/strong><\/h5>\n<p>Los boletines informativos y otras comunicaciones pueden, con fines estad\u00edsticos, contener informaci\u00f3n que permita saber si se abren y verificar los clics a trav\u00e9s de los enlaces que contienen. No obstante, el cliente siempre tiene la posibilidad de rechazar en cualquier momento la recepci\u00f3n del bolet\u00edn informativo o de la comunicaci\u00f3n por correo electr\u00f3nico a trav\u00e9s de una opci\u00f3n espec\u00edficamente habilitada para tal fin y mencionada en el mismo. Adem\u00e1s, en el men\u00fa Ayuda del navegador utilizado, el cliente puede gestionar el uso de las\u00a0<em>cookies<\/em> y otras tecnolog\u00edas similares. Tal y como se indica en el mensaje visible en esta p\u00e1gina, el acceso a la tienda online de <strong>Contrastes da Plan\u00edcie - Lda<\/strong> supone el uso de cookies<em>,<\/em>\u00a0pudiendo la desactivaci\u00f3n de las mismas condicionar la navegaci\u00f3n en el\u00a0<em>sitio web<\/em>. Si lo desea y cuando sea aplicable, el cliente podr\u00e1 solicitar informaci\u00f3n relativa a los plazos de conservaci\u00f3n de la informaci\u00f3n obtenida a trav\u00e9s de cookies cuyo uso sea responsabilidad de <strong>Contrastes da Plan\u00edcie - Lda<\/strong>. Para obtener m\u00e1s informaci\u00f3n, se recomienda consultar la informaci\u00f3n disponible en cada uno de los navegadores o consultar art\u00edculos con informaci\u00f3n espec\u00edfica sobre el tema (por ejemplo,.\u00a0<a href=\"https:\/\/www.allaboutcookies.org\/\" target=\"_blank\" rel=\"noreferrer noopener\">https:\/\/www.allaboutcookies.org\/<\/a>).<\/p>\n<\/div><\/div>\n<\/div>\n<\/div>\n<\/div>","protected":false},"excerpt":{"rendered":"","protected":false},"author":1,"featured_media":0,"parent":0,"menu_order":0,"comment_status":"closed","ping_status":"closed","template":"","meta":{"footnotes":""},"class_list":["post-182","page","type-page","status-publish","hentry"],"yoast_head":"<!-- This site is optimized with the Yoast SEO plugin v27.2 - https:\/\/yoast.com\/product\/yoast-seo-wordpress\/ -->\n<title>Pol\u00edtica de Cookies e Gest\u00e3o de Consentimento - Contrastes da Plan\u00edcie, Lda | Constru\u00e7\u00e3o civil, instala\u00e7\u00f5es el\u00e9ctricas, canaliza\u00e7\u00f5es e actividades especializadas<\/title>\n<meta name=\"description\" content=\"Saiba como a Contrastes da Plan\u00edcie utiliza cookies para melhorar a sua experi\u00eancia de navega\u00e7\u00e3o no nosso site. Consulte a nossa pol\u00edtica de cookies e aprenda a gerir as suas prefer\u00eancias.\" \/>\n<meta name=\"robots\" content=\"index, follow, max-snippet:-1, max-image-preview:large, max-video-preview:-1\" \/>\n<link rel=\"canonical\" href=\"https:\/\/contrastesdaplanicie.pt\/es\/politica-de-cookies\/\" \/>\n<meta property=\"og:locale\" content=\"es_ES\" \/>\n<meta property=\"og:type\" content=\"article\" \/>\n<meta property=\"og:title\" content=\"Pol\u00edtica de Cookies e Gest\u00e3o de Consentimento - Contrastes da Plan\u00edcie, Lda | Constru\u00e7\u00e3o civil, instala\u00e7\u00f5es el\u00e9ctricas, canaliza\u00e7\u00f5es e actividades especializadas\" \/>\n<meta property=\"og:description\" content=\"Saiba como a Contrastes da Plan\u00edcie utiliza cookies para melhorar a sua experi\u00eancia de navega\u00e7\u00e3o no nosso site. Consulte a nossa pol\u00edtica de cookies e aprenda a gerir as suas prefer\u00eancias.\" \/>\n<meta property=\"og:url\" content=\"https:\/\/contrastesdaplanicie.pt\/es\/politica-de-cookies\/\" \/>\n<meta property=\"og:site_name\" content=\"Contrastes da Plan\u00edcie, Lda | Constru\u00e7\u00e3o civil, instala\u00e7\u00f5es el\u00e9ctricas, canaliza\u00e7\u00f5es e actividades especializadas\" \/>\n<meta property=\"article:modified_time\" content=\"2026-03-21T10:17:44+00:00\" \/>\n<meta name=\"twitter:card\" content=\"summary_large_image\" \/>\n<script type=\"application\/ld+json\" class=\"yoast-schema-graph\">{\"@context\":\"https:\/\/schema.org\",\"@graph\":[{\"@type\":\"WebPage\",\"@id\":\"https:\/\/contrastesdaplanicie.pt\/politica-de-cookies\/\",\"url\":\"https:\/\/contrastesdaplanicie.pt\/politica-de-cookies\/\",\"name\":\"Pol\u00edtica de Cookies e Gest\u00e3o de Consentimento - Contrastes da Plan\u00edcie, Lda | Constru\u00e7\u00e3o civil, instala\u00e7\u00f5es el\u00e9ctricas, canaliza\u00e7\u00f5es e actividades especializadas\",\"isPartOf\":{\"@id\":\"https:\/\/contrastesdaplanicie.pt\/#website\"},\"datePublished\":\"2025-12-02T16:29:10+00:00\",\"dateModified\":\"2026-03-21T10:17:44+00:00\",\"description\":\"Saiba como a Contrastes da Plan\u00edcie utiliza cookies para melhorar a sua experi\u00eancia de navega\u00e7\u00e3o no nosso site. Consulte a nossa pol\u00edtica de cookies e aprenda a gerir as suas prefer\u00eancias.\",\"breadcrumb\":{\"@id\":\"https:\/\/contrastesdaplanicie.pt\/politica-de-cookies\/#breadcrumb\"},\"inLanguage\":\"es\",\"potentialAction\":[{\"@type\":\"ReadAction\",\"target\":[\"https:\/\/contrastesdaplanicie.pt\/politica-de-cookies\/\"]}]},{\"@type\":\"BreadcrumbList\",\"@id\":\"https:\/\/contrastesdaplanicie.pt\/politica-de-cookies\/#breadcrumb\",\"itemListElement\":[{\"@type\":\"ListItem\",\"position\":1,\"name\":\"Home\",\"item\":\"https:\/\/contrastesdaplanicie.pt\/\"},{\"@type\":\"ListItem\",\"position\":2,\"name\":\"Pol\u00edtica de cookies\"}]},{\"@type\":\"WebSite\",\"@id\":\"https:\/\/contrastesdaplanicie.pt\/#website\",\"url\":\"https:\/\/contrastesdaplanicie.pt\/\",\"name\":\"Contrastes da Plan\u00edcie, Lda | Constru\u00e7\u00e3o civil, instala\u00e7\u00f5es el\u00e9ctricas, canaliza\u00e7\u00f5es e actividades especializadas\",\"description\":\"\",\"potentialAction\":[{\"@type\":\"SearchAction\",\"target\":{\"@type\":\"EntryPoint\",\"urlTemplate\":\"https:\/\/contrastesdaplanicie.pt\/?s={search_term_string}\"},\"query-input\":{\"@type\":\"PropertyValueSpecification\",\"valueRequired\":true,\"valueName\":\"search_term_string\"}}],\"inLanguage\":\"es\"}]}<\/script>\n<!-- \/ Yoast SEO plugin. -->","yoast_head_json":{"title":"Pol\u00edtica de cookies y gesti\u00f3n de consentimientos - Contrastes da Plan\u00edcie, Lda | Construcci\u00f3n, instalaciones el\u00e9ctricas, fontaner\u00eda y actividades especializadas","description":"Descubra c\u00f3mo Contrastes da Plan\u00edcie utiliza las cookies para mejorar su experiencia de navegaci\u00f3n en nuestro sitio web. Consulte nuestra pol\u00edtica de cookies y aprenda a gestionar sus preferencias.","robots":{"index":"index","follow":"follow","max-snippet":"max-snippet:-1","max-image-preview":"max-image-preview:large","max-video-preview":"max-video-preview:-1"},"canonical":"https:\/\/contrastesdaplanicie.pt\/es\/politica-de-cookies\/","og_locale":"es_ES","og_type":"article","og_title":"Pol\u00edtica de Cookies e Gest\u00e3o de Consentimento - Contrastes da Plan\u00edcie, Lda | Constru\u00e7\u00e3o civil, instala\u00e7\u00f5es el\u00e9ctricas, canaliza\u00e7\u00f5es e actividades especializadas","og_description":"Saiba como a Contrastes da Plan\u00edcie utiliza cookies para melhorar a sua experi\u00eancia de navega\u00e7\u00e3o no nosso site. Consulte a nossa pol\u00edtica de cookies e aprenda a gerir as suas prefer\u00eancias.","og_url":"https:\/\/contrastesdaplanicie.pt\/es\/politica-de-cookies\/","og_site_name":"Contrastes da Plan\u00edcie, Lda | Constru\u00e7\u00e3o civil, instala\u00e7\u00f5es el\u00e9ctricas, canaliza\u00e7\u00f5es e actividades especializadas","article_modified_time":"2026-03-21T10:17:44+00:00","twitter_card":"summary_large_image","schema":{"@context":"https:\/\/schema.org","@graph":[{"@type":"WebPage","@id":"https:\/\/contrastesdaplanicie.pt\/politica-de-cookies\/","url":"https:\/\/contrastesdaplanicie.pt\/politica-de-cookies\/","name":"Pol\u00edtica de cookies y gesti\u00f3n de consentimientos - Contrastes da Plan\u00edcie, Lda | Construcci\u00f3n, instalaciones el\u00e9ctricas, fontaner\u00eda y actividades especializadas","isPartOf":{"@id":"https:\/\/contrastesdaplanicie.pt\/#website"},"datePublished":"2025-12-02T16:29:10+00:00","dateModified":"2026-03-21T10:17:44+00:00","description":"Descubra c\u00f3mo Contrastes da Plan\u00edcie utiliza las cookies para mejorar su experiencia de navegaci\u00f3n en nuestro sitio web. Consulte nuestra pol\u00edtica de cookies y aprenda a gestionar sus preferencias.","breadcrumb":{"@id":"https:\/\/contrastesdaplanicie.pt\/politica-de-cookies\/#breadcrumb"},"inLanguage":"es","potentialAction":[{"@type":"ReadAction","target":["https:\/\/contrastesdaplanicie.pt\/politica-de-cookies\/"]}]},{"@type":"BreadcrumbList","@id":"https:\/\/contrastesdaplanicie.pt\/politica-de-cookies\/#breadcrumb","itemListElement":[{"@type":"ListItem","position":1,"name":"Home","item":"https:\/\/contrastesdaplanicie.pt\/"},{"@type":"ListItem","position":2,"name":"Pol\u00edtica de cookies"}]},{"@type":"WebSite","@id":"https:\/\/contrastesdaplanicie.pt\/#website","url":"https:\/\/contrastesdaplanicie.pt\/","name":"Contrastes da Plan\u00edcie, Lda | Construcci\u00f3n, instalaciones el\u00e9ctricas, fontaner\u00eda y actividades especializadas","description":"","potentialAction":[{"@type":"SearchAction","target":{"@type":"EntryPoint","urlTemplate":"https:\/\/contrastesdaplanicie.pt\/?s={search_term_string}"},"query-input":{"@type":"PropertyValueSpecification","valueRequired":true,"valueName":"search_term_string"}}],"inLanguage":"es"}]}},"_links":{"self":[{"href":"https:\/\/contrastesdaplanicie.pt\/es\/wp-json\/wp\/v2\/pages\/182","targetHints":{"allow":["GET"]}}],"collection":[{"href":"https:\/\/contrastesdaplanicie.pt\/es\/wp-json\/wp\/v2\/pages"}],"about":[{"href":"https:\/\/contrastesdaplanicie.pt\/es\/wp-json\/wp\/v2\/types\/page"}],"author":[{"embeddable":true,"href":"https:\/\/contrastesdaplanicie.pt\/es\/wp-json\/wp\/v2\/users\/1"}],"replies":[{"embeddable":true,"href":"https:\/\/contrastesdaplanicie.pt\/es\/wp-json\/wp\/v2\/comments?post=182"}],"version-history":[{"count":7,"href":"https:\/\/contrastesdaplanicie.pt\/es\/wp-json\/wp\/v2\/pages\/182\/revisions"}],"predecessor-version":[{"id":609,"href":"https:\/\/contrastesdaplanicie.pt\/es\/wp-json\/wp\/v2\/pages\/182\/revisions\/609"}],"wp:attachment":[{"href":"https:\/\/contrastesdaplanicie.pt\/es\/wp-json\/wp\/v2\/media?parent=182"}],"curies":[{"name":"wp","href":"https:\/\/api.w.org\/{rel}","templated":true}]}}