{"id":42,"date":"2025-12-01T17:13:45","date_gmt":"2025-12-01T17:13:45","guid":{"rendered":"https:\/\/contrastesdaplanicie.pt\/?page_id=42"},"modified":"2026-03-21T10:08:30","modified_gmt":"2026-03-21T10:08:30","slug":"projects","status":"publish","type":"page","link":"https:\/\/contrastesdaplanicie.pt\/en\/projetos\/","title":{"rendered":"Projects"},"content":{"rendered":"<div class=\"et_pb_section_0 et_pb_section et_section_regular et_block_section\">\n<div class=\"et_pb_row_0 et_pb_row et_block_row\">\n<div class=\"et_pb_column_0 et_pb_column et_pb_column_2_3 et_block_column et_pb_css_mix_blend_mode_passthrough\">\n<div class=\"et_pb_text_0 et_pb_text et_pb_bg_layout_dark et_pb_module et_block_module\"><div class=\"et_pb_text_inner\"><h1>Our Construction Projects<\/h1>\n<\/div><\/div>\n\n<div class=\"et_pb_text_1 et_pb_text et_pb_bg_layout_dark et_pb_module et_block_module\"><div class=\"et_pb_text_inner\"><p>Discover the projects that have marked our history, combining creativity, technical rigour and tailor-made solutions.<\/p>\n<\/div><\/div>\n<\/div>\n\n<div class=\"et_pb_column_1 et_pb_column et_pb_column_1_3 et-last-child et_block_column et_pb_column_empty et_pb_css_mix_blend_mode_passthrough\"><\/div>\n<\/div>\n<\/div>\n\n<div class=\"et_pb_section_1 et_pb_section et_section_regular et_block_section\">\n<div class=\"et_pb_row_1 et_pb_row et_flex_row\">\n<div class=\"et_pb_column_2 et_pb_column et-last-child et_flex_column et_pb_css_mix_blend_mode_passthrough et_flex_column_24_24 et_flex_column_24_24_tablet et_flex_column_24_24_phone et_flex_column_24_24_widescreen et_flex_column_24_24_ultraWide\">\n<div class=\"et_pb_blog_0 et_pb_blog et_pb_bg_layout_light et_pb_posts et_pb_module blog-grid\"><div class=\"entry\">\n<!--If no results are found-->\n\t<h1>Nenhum resultado encontrado<\/h1>\n\t<p>A p\u00e1gina solicitada n\u00e3o foi encontrada. Tente refinar a sua pesquisa ou utilize o menu acima para procurar a publica\u00e7\u00e3o.<\/p>\n<\/div>\n<!--End if no results are found--><\/div>\n<\/div>\n<\/div>\n<\/div>\n\n<div class=\"et_pb_section_2 et_pb_section et_section_regular et_block_section\">\n<div class=\"et_pb_row_2 et_pb_row et_block_row\">\n<div class=\"et_pb_column_3 et_pb_column et_pb_column_4_4 et-last-child et_block_column et_pb_css_mix_blend_mode_passthrough\">\n<div class=\"et_pb_text_2 et_pb_text et_pb_bg_layout_light et_pb_module et_block_module\"><div class=\"et_pb_text_inner\"><h2>Do you have a project in mind?<\/h2>\n<h2>Let's build!<\/h2>\n<\/div><\/div>\n<\/div>\n<\/div>\n<\/div>","protected":false},"excerpt":{"rendered":"","protected":false},"author":1,"featured_media":0,"parent":0,"menu_order":0,"comment_status":"closed","ping_status":"closed","template":"","meta":{"footnotes":""},"class_list":["post-42","page","type-page","status-publish","hentry"],"yoast_head":"<!-- This site is optimized with the Yoast SEO plugin v27.2 - https:\/\/yoast.com\/product\/yoast-seo-wordpress\/ -->\n<title>Projetos e Portf\u00f3lio de Obras - Contrastes da Plan\u00edcie, Lda | Constru\u00e7\u00e3o civil, instala\u00e7\u00f5es el\u00e9ctricas, canaliza\u00e7\u00f5es e actividades especializadas<\/title>\n<meta name=\"description\" content=\"Explore o portf\u00f3lio da Contrastes da Plan\u00edcie. Conhe\u00e7a os nossos projetos de constru\u00e7\u00e3o nova, reabilita\u00e7\u00e3o urbana e obras p\u00fablicas conclu\u00eddas com rigor e qualidade no Alentejo. Veja o nosso trabalho!\" \/>\n<meta name=\"robots\" content=\"index, follow, max-snippet:-1, max-image-preview:large, max-video-preview:-1\" \/>\n<link rel=\"canonical\" href=\"https:\/\/contrastesdaplanicie.pt\/en\/projects\/\" \/>\n<meta property=\"og:locale\" content=\"en_GB\" \/>\n<meta property=\"og:type\" content=\"article\" \/>\n<meta property=\"og:title\" content=\"Projetos e Portf\u00f3lio de Obras - Contrastes da Plan\u00edcie, Lda | Constru\u00e7\u00e3o civil, instala\u00e7\u00f5es el\u00e9ctricas, canaliza\u00e7\u00f5es e actividades especializadas\" \/>\n<meta property=\"og:description\" content=\"Explore o portf\u00f3lio da Contrastes da Plan\u00edcie. Conhe\u00e7a os nossos projetos de constru\u00e7\u00e3o nova, reabilita\u00e7\u00e3o urbana e obras p\u00fablicas conclu\u00eddas com rigor e qualidade no Alentejo. Veja o nosso trabalho!\" \/>\n<meta property=\"og:url\" content=\"https:\/\/contrastesdaplanicie.pt\/en\/projects\/\" \/>\n<meta property=\"og:site_name\" content=\"Contrastes da Plan\u00edcie, Lda | Constru\u00e7\u00e3o civil, instala\u00e7\u00f5es el\u00e9ctricas, canaliza\u00e7\u00f5es e actividades especializadas\" \/>\n<meta property=\"article:modified_time\" content=\"2026-03-21T10:08:30+00:00\" \/>\n<meta name=\"twitter:card\" content=\"summary_large_image\" \/>\n<script type=\"application\/ld+json\" class=\"yoast-schema-graph\">{\"@context\":\"https:\/\/schema.org\",\"@graph\":[{\"@type\":\"WebPage\",\"@id\":\"https:\/\/contrastesdaplanicie.pt\/projetos\/\",\"url\":\"https:\/\/contrastesdaplanicie.pt\/projetos\/\",\"name\":\"Projetos e Portf\u00f3lio de Obras - Contrastes da Plan\u00edcie, Lda | Constru\u00e7\u00e3o civil, instala\u00e7\u00f5es el\u00e9ctricas, canaliza\u00e7\u00f5es e actividades especializadas\",\"isPartOf\":{\"@id\":\"https:\/\/contrastesdaplanicie.pt\/#website\"},\"datePublished\":\"2025-12-01T17:13:45+00:00\",\"dateModified\":\"2026-03-21T10:08:30+00:00\",\"description\":\"Explore o portf\u00f3lio da Contrastes da Plan\u00edcie. Conhe\u00e7a os nossos projetos de constru\u00e7\u00e3o nova, reabilita\u00e7\u00e3o urbana e obras p\u00fablicas conclu\u00eddas com rigor e qualidade no Alentejo. Veja o nosso trabalho!\",\"breadcrumb\":{\"@id\":\"https:\/\/contrastesdaplanicie.pt\/projetos\/#breadcrumb\"},\"inLanguage\":\"en-GB\",\"potentialAction\":[{\"@type\":\"ReadAction\",\"target\":[\"https:\/\/contrastesdaplanicie.pt\/projetos\/\"]}]},{\"@type\":\"BreadcrumbList\",\"@id\":\"https:\/\/contrastesdaplanicie.pt\/projetos\/#breadcrumb\",\"itemListElement\":[{\"@type\":\"ListItem\",\"position\":1,\"name\":\"Home\",\"item\":\"https:\/\/contrastesdaplanicie.pt\/\"},{\"@type\":\"ListItem\",\"position\":2,\"name\":\"Projetos\"}]},{\"@type\":\"WebSite\",\"@id\":\"https:\/\/contrastesdaplanicie.pt\/#website\",\"url\":\"https:\/\/contrastesdaplanicie.pt\/\",\"name\":\"Contrastes da Plan\u00edcie, Lda | Constru\u00e7\u00e3o civil, instala\u00e7\u00f5es el\u00e9ctricas, canaliza\u00e7\u00f5es e actividades especializadas\",\"description\":\"\",\"potentialAction\":[{\"@type\":\"SearchAction\",\"target\":{\"@type\":\"EntryPoint\",\"urlTemplate\":\"https:\/\/contrastesdaplanicie.pt\/?s={search_term_string}\"},\"query-input\":{\"@type\":\"PropertyValueSpecification\",\"valueRequired\":true,\"valueName\":\"search_term_string\"}}],\"inLanguage\":\"en-GB\"}]}<\/script>\n<!-- \/ Yoast SEO plugin. -->","yoast_head_json":{"title":"Projects and Portfolio of Works - Contrastes da Plan\u00edcie, Lda | Construction, electrical installations, plumbing and specialised activities","description":"Explore Contrastes da Plan\u00edcie's portfolio. Discover our new construction, urban regeneration and public works projects completed with rigour and quality in the Alentejo. See our work!","robots":{"index":"index","follow":"follow","max-snippet":"max-snippet:-1","max-image-preview":"max-image-preview:large","max-video-preview":"max-video-preview:-1"},"canonical":"https:\/\/contrastesdaplanicie.pt\/en\/projects\/","og_locale":"en_GB","og_type":"article","og_title":"Projetos e Portf\u00f3lio de Obras - Contrastes da Plan\u00edcie, Lda | Constru\u00e7\u00e3o civil, instala\u00e7\u00f5es el\u00e9ctricas, canaliza\u00e7\u00f5es e actividades especializadas","og_description":"Explore o portf\u00f3lio da Contrastes da Plan\u00edcie. Conhe\u00e7a os nossos projetos de constru\u00e7\u00e3o nova, reabilita\u00e7\u00e3o urbana e obras p\u00fablicas conclu\u00eddas com rigor e qualidade no Alentejo. Veja o nosso trabalho!","og_url":"https:\/\/contrastesdaplanicie.pt\/en\/projects\/","og_site_name":"Contrastes da Plan\u00edcie, Lda | Constru\u00e7\u00e3o civil, instala\u00e7\u00f5es el\u00e9ctricas, canaliza\u00e7\u00f5es e actividades especializadas","article_modified_time":"2026-03-21T10:08:30+00:00","twitter_card":"summary_large_image","schema":{"@context":"https:\/\/schema.org","@graph":[{"@type":"WebPage","@id":"https:\/\/contrastesdaplanicie.pt\/projetos\/","url":"https:\/\/contrastesdaplanicie.pt\/projetos\/","name":"Projects and Portfolio of Works - Contrastes da Plan\u00edcie, Lda | Construction, electrical installations, plumbing and specialised activities","isPartOf":{"@id":"https:\/\/contrastesdaplanicie.pt\/#website"},"datePublished":"2025-12-01T17:13:45+00:00","dateModified":"2026-03-21T10:08:30+00:00","description":"Explore Contrastes da Plan\u00edcie's portfolio. Discover our new construction, urban regeneration and public works projects completed with rigour and quality in the Alentejo. See our work!","breadcrumb":{"@id":"https:\/\/contrastesdaplanicie.pt\/projetos\/#breadcrumb"},"inLanguage":"en-GB","potentialAction":[{"@type":"ReadAction","target":["https:\/\/contrastesdaplanicie.pt\/projetos\/"]}]},{"@type":"BreadcrumbList","@id":"https:\/\/contrastesdaplanicie.pt\/projetos\/#breadcrumb","itemListElement":[{"@type":"ListItem","position":1,"name":"Home","item":"https:\/\/contrastesdaplanicie.pt\/"},{"@type":"ListItem","position":2,"name":"Projetos"}]},{"@type":"WebSite","@id":"https:\/\/contrastesdaplanicie.pt\/#website","url":"https:\/\/contrastesdaplanicie.pt\/","name":"Contrastes da Plan\u00edcie, Lda | Construction, electrical installations, plumbing and specialised activities","description":"","potentialAction":[{"@type":"SearchAction","target":{"@type":"EntryPoint","urlTemplate":"https:\/\/contrastesdaplanicie.pt\/?s={search_term_string}"},"query-input":{"@type":"PropertyValueSpecification","valueRequired":true,"valueName":"search_term_string"}}],"inLanguage":"en-GB"}]}},"_links":{"self":[{"href":"https:\/\/contrastesdaplanicie.pt\/en\/wp-json\/wp\/v2\/pages\/42","targetHints":{"allow":["GET"]}}],"collection":[{"href":"https:\/\/contrastesdaplanicie.pt\/en\/wp-json\/wp\/v2\/pages"}],"about":[{"href":"https:\/\/contrastesdaplanicie.pt\/en\/wp-json\/wp\/v2\/types\/page"}],"author":[{"embeddable":true,"href":"https:\/\/contrastesdaplanicie.pt\/en\/wp-json\/wp\/v2\/users\/1"}],"replies":[{"embeddable":true,"href":"https:\/\/contrastesdaplanicie.pt\/en\/wp-json\/wp\/v2\/comments?post=42"}],"version-history":[{"count":34,"href":"https:\/\/contrastesdaplanicie.pt\/en\/wp-json\/wp\/v2\/pages\/42\/revisions"}],"predecessor-version":[{"id":596,"href":"https:\/\/contrastesdaplanicie.pt\/en\/wp-json\/wp\/v2\/pages\/42\/revisions\/596"}],"wp:attachment":[{"href":"https:\/\/contrastesdaplanicie.pt\/en\/wp-json\/wp\/v2\/media?parent=42"}],"curies":[{"name":"wp","href":"https:\/\/api.w.org\/{rel}","templated":true}]}}