{"id":3,"date":"2025-12-01T16:52:17","date_gmt":"2025-12-01T16:52:17","guid":{"rendered":"https:\/\/contrastesdaplanicie.pt\/?page_id=3"},"modified":"2026-03-21T10:15:57","modified_gmt":"2026-03-21T10:15:57","slug":"privacy-policy","status":"publish","type":"page","link":"https:\/\/contrastesdaplanicie.pt\/en\/politica-de-privacidade\/","title":{"rendered":"Privacy policy"},"content":{"rendered":"<div class=\"et_pb_section_0 et_pb_section et_section_regular et_block_section\">\n<div class=\"et_pb_row_0 et_pb_row et_block_row\">\n<div class=\"et_pb_column_0 et_pb_column et_pb_column_4_4 et-last-child et_block_column et_pb_css_mix_blend_mode_passthrough\">\n<div class=\"et_pb_text_0 et_pb_text et_pb_bg_layout_light et_pb_module et_block_module\"><div class=\"et_pb_text_inner\"><h2>Privacy Policy<\/h2>\n<\/div><\/div>\n\n<div class=\"et_pb_divider_0 et_pb_divider et_pb_space et_pb_divider_position_center et_pb_module\"><div class=\"et_pb_divider_internal\"><\/div><\/div>\n<\/div>\n<\/div>\n\n<div class=\"et_pb_row_1 et_pb_row et_block_row\">\n<div class=\"et_pb_column_1 et_pb_column et_pb_column_4_4 et-last-child et_block_column et_pb_css_mix_blend_mode_passthrough\">\n<div class=\"et_pb_text_1 et_pb_text et_pb_bg_layout_light et_pb_module et_block_module\"><div class=\"et_pb_text_inner\"><div class=\"et_pb_text_3 et_pb_text et_pb_bg_layout_light et_pb_module et_block_module\">\n<div class=\"et_pb_text_inner\">\n<h2 class=\"wp-block-heading\" id=\"1-1-introducao\">Introduction<\/h2>\n<p>Navigation on the\u00a0<em>website<\/em> from <strong>Contrastes da Plan\u00edcie - Lda<\/strong> implies understanding and acceptance of this Privacy and Data Protection Policy.<\/p>\n<p>A <strong>Contrastes da Plan\u00edcie - Lda<\/strong> maintains a constant concern for the protection of personal data privacy and preventive action with regard to the security of <em>website<\/em>, other applications and platforms it owns, as well as the protection of its customers' and visitors' data.<\/p>\n<p>To reinforce the guarantees of personal data confidentiality, new data protection measures have been implemented, both in terms of verifying the legitimacy of the use of personal data processed and in terms of ensuring compliance with the rights recognised to the owners of such data. In this context, and through the specialisation of customer support channels, it aims to promote clearer and more objective communication of the purposes underlying the processing of personal data and the transparency of data processing operations.<\/p>\n<p>Thus, the information contained in this text aims to convey, in a clear and unequivocal manner, the content of the privacy and personal data protection policy that will be subject to processing under the terms provided for in the General Data Protection Regulation in force (hereinafter GDPR) and delimited by the content of the commercial relationship to be established between the data subject and the <strong>Contrastes da Plan\u00edcie - Lda<\/strong>.<\/p>\n<h2 class=\"wp-block-heading\" id=\"1-2-dados-pessoais-recolhidos\">Personal data collected<\/h2>\n<p>In general terms, personal data is collected in two situations directly related to the activity of <strong>Contrastes da Plan\u00edcie - Lda<\/strong>, contact via form and WhatsApp.<\/p>\n<p>For the purpose of operating other features provided by <strong>Contrastes da Plan\u00edcie - Lda<\/strong> At the customer's request, additional personal data may be requested, which will be processed in accordance with the terms and conditions of use.<\/p>\n<p>The data provided will be stored for as long as valid consent is given. This data will be stored in a separate, anonymised database created for this purpose, and only for as long as is absolutely necessary for these purposes.<\/p>\n<p>Any functionality or platform that the <strong>Contrastes da Plan\u00edcie - Lda<\/strong> is the owner and that the customer intends to use will be subject to acceptance of the respective terms and conditions of use as well as, when specifically provided for, the respective privacy and data protection policy. All matters not specifically provided for in the aforementioned texts will be regulated, with the necessary adaptations, by the terms defined in this text.<\/p>\n<p><strong>What is the purpose of the data collected?<\/strong><\/p>\n<p>Customer data is processed for purposes such as the processing of information campaigns, notifying customers of any changes made to the features of the <em>website<\/em>, conducting surveys and evaluating interactions for statistical purposes.<\/p>\n<p>Periodically and by email, the customer may also receive information about products and services, campaigns, promotions, and special offers. If you do not wish to be contacted for these purposes, you should contact <strong>Contrastes da Plan\u00edcie - Lda<\/strong>, via email <strong>contrastedaplanicie@gmail.com<\/strong> or website form.<\/p>\n<h5><strong>Individualised communications promoting products or services<\/strong><\/h5>\n<p>A <strong>Contrastes da Plan\u00edcie - Lda<\/strong> may or may not send e-mails, in the form of notifications or newsletters, as part of general or targeted promotional campaigns. In both cases, such communications are only sent after confirmation that the customer has given their express and unequivocal consent and that they have been informed of their right to cancel the permissions granted for such purposes at any time.<\/p>\n<p>The processing of personal data carried out in the context of individualised communications is done in strict compliance with the GDPR, both by employees of <strong>Contrastes da Plan\u00edcie - Lda<\/strong>, or by any third parties to whom such data may be transmitted for the purpose of performing the services necessary to carry out promotional campaigns.<\/p>\n<h5><strong>Redirection<\/strong><\/h5>\n<p>Some links on this website redirect customers to external websites that are partners of <strong>Contrastes da Plan\u00edcie - Lda<\/strong>. By clicking on these hyperlinks, visitors will be leaving the website of <strong>Contrastes da Plan\u00edcie - Lda<\/strong>. As it is not possible to control these websites, the <strong>Contrastes da Plan\u00edcie - Lda<\/strong> shall not be liable for any content made available on them. The navigation and use of any platform, titled by <strong>Contrastes da Plan\u00edcie - Lda<\/strong> or by any of its partners shall constitute acceptance of the conditions of use thereof under the terms specifically determined for that purpose.<\/p>\n<h2 class=\"wp-block-heading\" id=\"1-3-seguranca-licitude-lealdade-e-transparencia\">Security, Legality, Loyalty and Transparency<\/h2>\n<p>A <strong>Contrastes da Plan\u00edcie - Lda<\/strong> uses one of the most secure online systems available and is constantly improving its software to ensure the most effective processing of its customers' data and their trust. A server certificate, also known as a digital certificate, ensures the identity of the <strong>Contrastes da Plan\u00edcie - Lda<\/strong>, as well as SSL (Secure Sockets Layer) encryption of transmitted data.<\/p>\n<p>All personal data of customers of <strong>Contrastes da Plan\u00edcie - Lda<\/strong> will be processed lawfully, fairly and transparently in relation to the data subject. For this reason, the data subject may always contact the <strong>Contrastes da Plan\u00edcie - Lda<\/strong> for clarification of any questions regarding this topic.<\/p>\n<h2 class=\"wp-block-heading\" id=\"1-4-acesso-e-limitacao-das-finalidades\">Access and Limitation of Purposes<\/h2>\n<p>A <strong>Contrastes da Plan\u00edcie - Lda<\/strong> undertakes to use the personal data of its customers and visitors for purposes strictly necessary for the pursuit of its activity, with the limitations arising from the scope of that activity or the extent of the consent expressly granted by the respective data subject. This also means that the data will not be transmitted to any third party without the knowledge and\/or authorisation of the data subject in cases where the <strong>Contrastes da Plan\u00edcie - Lda<\/strong> to the extent that it is legally obliged to do so.<\/p>\n<p>In this sense, the <strong>Contrastes da Plan\u00edcie - Lda<\/strong> It also ensures that access to such data by its employees is only granted to the extent necessary for the performance of the action in question, and that they are identified and tracked in accordance with the duties and tasks assigned to them under the contractual relationship between them.<\/p>\n<p>All personal data processed by <strong>Contrastes da Plan\u00edcie - Lda<\/strong>, whether they have been directly provided voluntarily by their owner or collected by <strong>Contrastes da Plan\u00edcie - Lda<\/strong> For the purposes of executing the contract that binds it to that person or of operating any functionality made available at the customer's request, they will be permanently deleted as soon as it is confirmed that they are no longer necessary. For this reason, the storage of customers' personal data will comply with the principles of data minimisation and storage limitation, since only data that is strictly necessary for the fulfilment of legal and contractual obligations incumbent on the company will be collected. <strong>Contrastes da Plan\u00edcie - Lda<\/strong> and that these will be kept and stored in our own database only for the period absolutely necessary for such purposes.<\/p>\n<h2 class=\"wp-block-heading\" id=\"1-5-direitos-dos-titulares-de-dados-pessoais\">Rights of Personal Data Subjects<\/h2>\n<h5><strong>Right to Information and Access to Personal Data<\/strong><\/h5>\n<p>At any time, the customer may request information about the personal data stored, whether regarding the category of personal data concerned, the origin and recipient(s) thereof, the duration of the storage period and underlying purposes, or regarding the identification of the data controller, the data protection officer and their respective contacts.<\/p>\n<h5><strong>Right to Rectification and Right to Erasure of Personal Data<\/strong><\/h5>\n<p>If you wish to exercise your right to rectify data, you must send your request, identifying the data to be modified and the new wording, by email to <strong>contrastedaplanicie@gmail.com<\/strong> or by registered letter sent to the data controller: <strong>Contrastes da Plan\u00edcie - Lda<\/strong>, <span>Rua Jos\u00e9 Carlos Pic\u00e3o Caldeira, No. 2 7350-501 Portalegre<\/span>, Portugal. The same procedure should be followed if the customer wishes to exercise their right to delete personal data. In both cases, the customer will receive confirmation, through the same channel used, that their request has been responded to as requested.<\/p>\n<h5><strong>Right to Restriction of Processing, Objection and Withdrawal of Prior Consent<\/strong><\/h5>\n<p>In reinforcement of the principle of transparency in the processing of personal data and communications with customers, the <strong>Contrastes da Plan\u00edcie - Lda<\/strong> allows the customer to modify the data processing permissions granted for each of the purposes indicated at any time.<\/p>\n<h2 class=\"wp-block-heading\" id=\"1-6-aplicacao-subsidiaria\">Subsidiary Application<\/h2>\n<p>This text regulates all matters relating to privacy and the protection of personal data processed in connection with the use of the applications and other features made available by <strong>Contrastes da Plan\u00edcie - Lda<\/strong>, whether they are accessible via a hyperlink on the website or on any other platform that the <strong>Contrastes da Plan\u00edcie - Lda<\/strong> be the holder, being directly and subsidiarily applicable to all situations that are not specifically regulated.<\/p>\n<h2 class=\"wp-block-heading\" id=\"1-7-alteracoes-a-politica-de-privacidade-e-contactos\">Changes to the Privacy Policy and Contact Information<\/h2>\n<p>Any changes made to this Privacy and Data Protection Policy will be published on the website of <strong>Contrastes da Plan\u00edcie - Lda<\/strong> all versions prior to the present one being made available at the express request of the customer.<\/p>\n<p>In the meaning set forth by the GDPR, the commercial company <strong>Contrastes da Plan\u00edcie - Lda<\/strong>, based in <span>Rua Jos\u00e9 Carlos Pic\u00e3o Caldeira, No. 2 7350-501 Portalegre<\/span>, Portugal, is the Data Controller.<\/p>\n<p>Irregularities, situations of non-compliance and any security restrictions in the processing of personal data must be reported immediately to the Data Protection Officer at <strong>Contrastes da Plan\u00edcie - Lda<\/strong>, by sending an email to: <strong>contrastedaplanicie@gmail.com<\/strong><strong>.<\/strong><\/p>\n<\/div>\n<\/div>\n<\/div><\/div>\n<\/div>\n<\/div>\n<\/div>","protected":false},"excerpt":{"rendered":"","protected":false},"author":1,"featured_media":0,"parent":0,"menu_order":0,"comment_status":"closed","ping_status":"closed","template":"","meta":{"footnotes":""},"class_list":["post-3","page","type-page","status-publish","hentry"],"yoast_head":"<!-- This site is optimized with the Yoast SEO plugin v27.2 - https:\/\/yoast.com\/product\/yoast-seo-wordpress\/ -->\n<title>Pol\u00edtica de Privacidade e Prote\u00e7\u00e3o de Dados - Contrastes da Plan\u00edcie, Lda | Constru\u00e7\u00e3o civil, instala\u00e7\u00f5es el\u00e9ctricas, canaliza\u00e7\u00f5es e actividades especializadas<\/title>\n<meta name=\"description\" content=\"Consulte a Pol\u00edtica de Privacidade da Contrastes da Plan\u00edcie. Saiba como protegemos os seus dados pessoais e garantimos a transpar\u00eancia no tratamento de informa\u00e7\u00f5es no nosso site.\" \/>\n<meta name=\"robots\" content=\"index, follow, max-snippet:-1, max-image-preview:large, max-video-preview:-1\" \/>\n<link rel=\"canonical\" href=\"https:\/\/contrastesdaplanicie.pt\/en\/privacy-policy\/\" \/>\n<meta property=\"og:locale\" content=\"en_GB\" \/>\n<meta property=\"og:type\" content=\"article\" \/>\n<meta property=\"og:title\" content=\"Pol\u00edtica de Privacidade e Prote\u00e7\u00e3o de Dados - Contrastes da Plan\u00edcie, Lda | Constru\u00e7\u00e3o civil, instala\u00e7\u00f5es el\u00e9ctricas, canaliza\u00e7\u00f5es e actividades especializadas\" \/>\n<meta property=\"og:description\" content=\"Consulte a Pol\u00edtica de Privacidade da Contrastes da Plan\u00edcie. Saiba como protegemos os seus dados pessoais e garantimos a transpar\u00eancia no tratamento de informa\u00e7\u00f5es no nosso site.\" \/>\n<meta property=\"og:url\" content=\"https:\/\/contrastesdaplanicie.pt\/en\/privacy-policy\/\" \/>\n<meta property=\"og:site_name\" content=\"Contrastes da Plan\u00edcie, Lda | Constru\u00e7\u00e3o civil, instala\u00e7\u00f5es el\u00e9ctricas, canaliza\u00e7\u00f5es e actividades especializadas\" \/>\n<meta property=\"article:modified_time\" content=\"2026-03-21T10:15:57+00:00\" \/>\n<meta name=\"twitter:card\" content=\"summary_large_image\" \/>\n<script type=\"application\/ld+json\" class=\"yoast-schema-graph\">{\"@context\":\"https:\/\/schema.org\",\"@graph\":[{\"@type\":\"WebPage\",\"@id\":\"https:\/\/contrastesdaplanicie.pt\/politica-de-privacidade\/\",\"url\":\"https:\/\/contrastesdaplanicie.pt\/politica-de-privacidade\/\",\"name\":\"Pol\u00edtica de Privacidade e Prote\u00e7\u00e3o de Dados - Contrastes da Plan\u00edcie, Lda | Constru\u00e7\u00e3o civil, instala\u00e7\u00f5es el\u00e9ctricas, canaliza\u00e7\u00f5es e actividades especializadas\",\"isPartOf\":{\"@id\":\"https:\/\/contrastesdaplanicie.pt\/#website\"},\"datePublished\":\"2025-12-01T16:52:17+00:00\",\"dateModified\":\"2026-03-21T10:15:57+00:00\",\"description\":\"Consulte a Pol\u00edtica de Privacidade da Contrastes da Plan\u00edcie. Saiba como protegemos os seus dados pessoais e garantimos a transpar\u00eancia no tratamento de informa\u00e7\u00f5es no nosso site.\",\"breadcrumb\":{\"@id\":\"https:\/\/contrastesdaplanicie.pt\/politica-de-privacidade\/#breadcrumb\"},\"inLanguage\":\"en-GB\",\"potentialAction\":[{\"@type\":\"ReadAction\",\"target\":[\"https:\/\/contrastesdaplanicie.pt\/politica-de-privacidade\/\"]}]},{\"@type\":\"BreadcrumbList\",\"@id\":\"https:\/\/contrastesdaplanicie.pt\/politica-de-privacidade\/#breadcrumb\",\"itemListElement\":[{\"@type\":\"ListItem\",\"position\":1,\"name\":\"Home\",\"item\":\"https:\/\/contrastesdaplanicie.pt\/\"},{\"@type\":\"ListItem\",\"position\":2,\"name\":\"Pol\u00edtica de privacidade\"}]},{\"@type\":\"WebSite\",\"@id\":\"https:\/\/contrastesdaplanicie.pt\/#website\",\"url\":\"https:\/\/contrastesdaplanicie.pt\/\",\"name\":\"Contrastes da Plan\u00edcie, Lda | Constru\u00e7\u00e3o civil, instala\u00e7\u00f5es el\u00e9ctricas, canaliza\u00e7\u00f5es e actividades especializadas\",\"description\":\"\",\"potentialAction\":[{\"@type\":\"SearchAction\",\"target\":{\"@type\":\"EntryPoint\",\"urlTemplate\":\"https:\/\/contrastesdaplanicie.pt\/?s={search_term_string}\"},\"query-input\":{\"@type\":\"PropertyValueSpecification\",\"valueRequired\":true,\"valueName\":\"search_term_string\"}}],\"inLanguage\":\"en-GB\"}]}<\/script>\n<!-- \/ Yoast SEO plugin. -->","yoast_head_json":{"title":"Privacy and Data Protection Policy - Contrastes da Plan\u00edcie, Lda | Construction, electrical installations, plumbing and specialised activities","description":"Consult Contrastes da Plan\u00edcie's Privacy Policy. Find out how we protect your personal data and guarantee transparency in the processing of information on our website.","robots":{"index":"index","follow":"follow","max-snippet":"max-snippet:-1","max-image-preview":"max-image-preview:large","max-video-preview":"max-video-preview:-1"},"canonical":"https:\/\/contrastesdaplanicie.pt\/en\/privacy-policy\/","og_locale":"en_GB","og_type":"article","og_title":"Pol\u00edtica de Privacidade e Prote\u00e7\u00e3o de Dados - Contrastes da Plan\u00edcie, Lda | Constru\u00e7\u00e3o civil, instala\u00e7\u00f5es el\u00e9ctricas, canaliza\u00e7\u00f5es e actividades especializadas","og_description":"Consulte a Pol\u00edtica de Privacidade da Contrastes da Plan\u00edcie. Saiba como protegemos os seus dados pessoais e garantimos a transpar\u00eancia no tratamento de informa\u00e7\u00f5es no nosso site.","og_url":"https:\/\/contrastesdaplanicie.pt\/en\/privacy-policy\/","og_site_name":"Contrastes da Plan\u00edcie, Lda | Constru\u00e7\u00e3o civil, instala\u00e7\u00f5es el\u00e9ctricas, canaliza\u00e7\u00f5es e actividades especializadas","article_modified_time":"2026-03-21T10:15:57+00:00","twitter_card":"summary_large_image","schema":{"@context":"https:\/\/schema.org","@graph":[{"@type":"WebPage","@id":"https:\/\/contrastesdaplanicie.pt\/politica-de-privacidade\/","url":"https:\/\/contrastesdaplanicie.pt\/politica-de-privacidade\/","name":"Privacy and Data Protection Policy - Contrastes da Plan\u00edcie, Lda | Construction, electrical installations, plumbing and specialised activities","isPartOf":{"@id":"https:\/\/contrastesdaplanicie.pt\/#website"},"datePublished":"2025-12-01T16:52:17+00:00","dateModified":"2026-03-21T10:15:57+00:00","description":"Consult Contrastes da Plan\u00edcie's Privacy Policy. Find out how we protect your personal data and guarantee transparency in the processing of information on our website.","breadcrumb":{"@id":"https:\/\/contrastesdaplanicie.pt\/politica-de-privacidade\/#breadcrumb"},"inLanguage":"en-GB","potentialAction":[{"@type":"ReadAction","target":["https:\/\/contrastesdaplanicie.pt\/politica-de-privacidade\/"]}]},{"@type":"BreadcrumbList","@id":"https:\/\/contrastesdaplanicie.pt\/politica-de-privacidade\/#breadcrumb","itemListElement":[{"@type":"ListItem","position":1,"name":"Home","item":"https:\/\/contrastesdaplanicie.pt\/"},{"@type":"ListItem","position":2,"name":"Pol\u00edtica de privacidade"}]},{"@type":"WebSite","@id":"https:\/\/contrastesdaplanicie.pt\/#website","url":"https:\/\/contrastesdaplanicie.pt\/","name":"Contrastes da Plan\u00edcie, Lda | Construction, electrical installations, plumbing and specialised activities","description":"","potentialAction":[{"@type":"SearchAction","target":{"@type":"EntryPoint","urlTemplate":"https:\/\/contrastesdaplanicie.pt\/?s={search_term_string}"},"query-input":{"@type":"PropertyValueSpecification","valueRequired":true,"valueName":"search_term_string"}}],"inLanguage":"en-GB"}]}},"_links":{"self":[{"href":"https:\/\/contrastesdaplanicie.pt\/en\/wp-json\/wp\/v2\/pages\/3","targetHints":{"allow":["GET"]}}],"collection":[{"href":"https:\/\/contrastesdaplanicie.pt\/en\/wp-json\/wp\/v2\/pages"}],"about":[{"href":"https:\/\/contrastesdaplanicie.pt\/en\/wp-json\/wp\/v2\/types\/page"}],"author":[{"embeddable":true,"href":"https:\/\/contrastesdaplanicie.pt\/en\/wp-json\/wp\/v2\/users\/1"}],"replies":[{"embeddable":true,"href":"https:\/\/contrastesdaplanicie.pt\/en\/wp-json\/wp\/v2\/comments?post=3"}],"version-history":[{"count":13,"href":"https:\/\/contrastesdaplanicie.pt\/en\/wp-json\/wp\/v2\/pages\/3\/revisions"}],"predecessor-version":[{"id":538,"href":"https:\/\/contrastesdaplanicie.pt\/en\/wp-json\/wp\/v2\/pages\/3\/revisions\/538"}],"wp:attachment":[{"href":"https:\/\/contrastesdaplanicie.pt\/en\/wp-json\/wp\/v2\/media?parent=3"}],"curies":[{"name":"wp","href":"https:\/\/api.w.org\/{rel}","templated":true}]}}