{"id":182,"date":"2025-12-02T16:29:10","date_gmt":"2025-12-02T16:29:10","guid":{"rendered":"https:\/\/contrastesdaplanicie.pt\/?page_id=182"},"modified":"2026-03-21T10:17:44","modified_gmt":"2026-03-21T10:17:44","slug":"cookie-policy","status":"publish","type":"page","link":"https:\/\/contrastesdaplanicie.pt\/en\/politica-de-cookies\/","title":{"rendered":"Cookie policy"},"content":{"rendered":"<div class=\"et_pb_section_0 et_pb_section et_section_regular et_block_section\">\n<div class=\"et_pb_row_0 et_pb_row et_block_row\">\n<div class=\"et_pb_column_0 et_pb_column et_pb_column_4_4 et-last-child et_block_column et_pb_css_mix_blend_mode_passthrough\">\n<div class=\"et_pb_text_0 et_pb_text et_pb_bg_layout_light et_pb_module et_block_module\"><div class=\"et_pb_text_inner\"><h2>Cookie Policy<\/h2>\n<\/div><\/div>\n\n<div class=\"et_pb_divider_0 et_pb_divider et_pb_space et_pb_divider_position_center et_pb_module\"><div class=\"et_pb_divider_internal\"><\/div><\/div>\n<\/div>\n<\/div>\n\n<div class=\"et_pb_row_1 et_pb_row et_block_row\">\n<div class=\"et_pb_column_1 et_pb_column et_pb_column_4_4 et-last-child et_block_column et_pb_css_mix_blend_mode_passthrough\">\n<div class=\"et_pb_text_1 et_pb_text et_pb_bg_layout_light et_pb_module et_block_module\"><div class=\"et_pb_text_inner\"><h2><strong><em>Cookies<\/em>\u00a0and other marketing tools<\/strong><\/h2>\n<h5><strong>Classification and description of Cookies used by Contrastes da Plan\u00edcie - Lda<\/strong><\/h5>\n<h3><strong>As for the type:<\/strong><\/h3>\n<p><strong>Essentials<\/strong>\u00a0\u2013 enable navigation on the\u00a0<em>website<\/em>\u00a0and the use of its features. Without these\u00a0<em>cookies<\/em>, requests cannot be processed. <strong>Non-essential, in terms of functionality or performance<\/strong>\u00a0\u2013 collect information on how the user uses the\u00a0<em>website<\/em> with a view to improving its functionality. They allow us to identify the areas of greatest interest to the customer, measuring the effectiveness of promotional campaigns. In this way, the <strong>Contrastes da Plan\u00edcie - Lda<\/strong> understand which products and promotions best suit the customer's interests and needs, which it will do by: compiling statistics based on the customer's non-individualised behaviour and the consequent use of\u00a0<em>website<\/em>; measuring the effectiveness of advertising campaigns; introducing improvements in navigation, etc., with the sole purpose of improving the performance and responsiveness of the\u00a0<em>website<\/em>. For this reason, also the\u00a0<em>cookies<\/em>\u00a0performance provided by authorised third parties are used within the limits of the purposes indicated herein. <strong>Analytics<\/strong>\u00a0\u2013 used anonymously for statistical purposes and to improve the functioning of the\u00a0<em>website<\/em>, without collecting any personal information. They allow you to highlight articles that may be of interest to customers or visitors, monitor the performance of the\u00a0<em>website<\/em>, determine the most effective method of linking between pages or even the reason why some pages are receiving error messages.<\/p>\n<h3><strong>Regarding validity:<\/strong><\/h3>\n<p><strong>Permanent<\/strong>\u00a0\u2013 stored on the customer's computer or equipment between sessions\u00a0<em>browser,<\/em>\u00a0for the purpose of maintaining settings or preferences and improving the use of the\u00a0<em>website<\/em>\u00a0on the next visit. Some of these\u00a0<em>cookies<\/em>\u00a0are provided by authorised third parties, however, with the following limitations: presentation of campaigns and products \u2013 considered to be of interest to the customer;\u00a0<em>retargeting<\/em> \u2013 product advertising <strong>Contrastes da Plan\u00edcie - Lda<\/strong> in\u00a0<em>websites<\/em>\u00a0from partners or social networks, without storing personal data or user profiles, thus not implying the transmission of any personal data to third parties, as the advertising is completely anonymous. <strong>Session<\/strong>\u00a0\u2013 limited to each session initiated by the user, and therefore expire whenever a session is terminated on the\u00a0<em>browser<\/em>. They may be used to indicate products previously placed in the shopping cart, identify problems, and ensure a better browsing experience. Some\u00a0<em>cookies<\/em>\u00a0session may also constitute a guarantee of enhanced security. \u00b7\u00a0<em>Cookies<\/em> used by <strong>Contrastes da Plan\u00edcie - Lda<\/strong> They remain in the internet browser used only for the duration of the session and are even deactivated if a period of approximately 20 seconds of user inactivity is detected. Regardless of the duration of the session, the user can always deactivate these cookies by managing the respective settings of the browser they use. <strong>Google Analytics<\/strong> <a href=\"https:\/\/developers.google.com\/analytics\/devguides\/collection\/analyticsjs\/cookie-usage?hl=pt-pt\">https:\/\/developers.google.com\/analytics\/devguides\/collection\/analyticsjs\/cookie-usage?hl=pt-pt<\/a><\/p>\n<figure class=\"wp-block-table\">\n<table class=\"tabelaDados\">\n<tbody>\n<tr>\n<td><strong>Name<\/strong><\/td>\n<td><strong>Purpose<\/strong><\/td>\n<td><strong>Validity<\/strong><\/td>\n<td><strong>Type<\/strong><\/td>\n<\/tr>\n<tr>\n<td>_ga<\/td>\n<td>distinguish users<\/td>\n<td>determined by the provider<\/td>\n<td>HTTP<\/td>\n<\/tr>\n<tr>\n<td>_gat<\/td>\n<td>accelerate the percentage of requests<\/td>\n<td>determined by the provider<\/td>\n<td>HTTP<\/td>\n<\/tr>\n<tr>\n<td>__utma<\/td>\n<td>distinguish users and sessions. The cookie is created when the JavaScript library is executed and there is no __utma cookie. It is updated each time data is sent to Google Analytics.<\/td>\n<td>determined by the provider<\/td>\n<td>HTTP<\/td>\n<\/tr>\n<tr>\n<td>__utmb<\/td>\n<td>determine new sessions\/visits. The cookie is created when the JavaScript library is executed and there is no __utmb cookie. It is updated each time data is sent to Google Analytics.<\/td>\n<td>determined by the provider<\/td>\n<td>HTTP<\/td>\n<\/tr>\n<tr>\n<td>__utmz<\/td>\n<td>Store the source of traffic or the campaign through which the user arrived at your website. It is created when the JavaScript library is executed and updated whenever data is sent to Google Analytics. It is updated each time data is sent to Google Analytics.<\/td>\n<td>determined by the provider<\/td>\n<td>HTTP<\/td>\n<\/tr>\n<\/tbody>\n<\/table>\n<\/figure>\n<p><strong>YouTube<\/strong><\/p>\n<figure class=\"wp-block-table\">\n<table class=\"tabelaDados\">\n<tbody>\n<tr>\n<td><strong>Name<\/strong><\/td>\n<td><strong>Purpose<\/strong><\/td>\n<td><strong>Validity<\/strong><\/td>\n<td><strong>Type<\/strong><\/td>\n<\/tr>\n<tr>\n<td>SID LOGIN_INFO PREF SSID HSID VISITOR_INFO1_LIVE<\/td>\n<td>store user preferences, and some contain enough information to be tracked<\/td>\n<td>determined by the provider<\/td>\n<td>HTTP<\/td>\n<\/tr>\n<\/tbody>\n<\/table>\n<\/figure>\n<p><strong>AddThis<\/strong> <a href=\"https:\/\/www.addthis.com\/privacy\/terms-of-service\/pt\/\">https:\/\/www.addthis.com\/privacy\/terms-of-service\/pt\/<\/a><\/p>\n<figure class=\"wp-block-table\">\n<table class=\"tabelaDados\">\n<tbody>\n<tr>\n<td><strong>Name<\/strong><\/td>\n<td><strong>Purpose<\/strong><\/td>\n<td><strong>Validity<\/strong><\/td>\n<td><strong>Type<\/strong><\/td>\n<\/tr>\n<tr>\n<td>Uid<\/td>\n<td>identify the automatically generated user ID assigned exclusively<\/td>\n<td>determined by the provider<\/td>\n<td>HTTP<\/td>\n<\/tr>\n<tr>\n<td>di\/dt<\/td>\n<td>managing the expiry of others\u00a0<em>cookies<\/em><\/td>\n<td>determined by the provider<\/td>\n<td>HTTP<\/td>\n<\/tr>\n<tr>\n<td>Bt<\/td>\n<td>model the user's interests<\/td>\n<td>determined by the provider<\/td>\n<td>HTTP<\/td>\n<\/tr>\n<tr>\n<td>UVC<\/td>\n<td>measure the number of times the AddThis.com service is used<\/td>\n<td>determined by the provider<\/td>\n<td>HTTP<\/td>\n<\/tr>\n<tr>\n<td>ssc psc uvc<\/td>\n<td>record what users share and their social activity<\/td>\n<td>determined by the provider<\/td>\n<td>HTTP<\/td>\n<\/tr>\n<tr>\n<td>Loc<\/td>\n<td>geolocate people who share information<\/td>\n<td>determined by the provider<\/td>\n<td>HTTP<\/td>\n<\/tr>\n<tr>\n<td>__atuvc __atuvs<\/td>\n<td>created and read by AddThis,\u00a0<em>website<\/em>\u00a0<em>javascript<\/em>\u00a0for sharing on social media<\/td>\n<td>determined by the provider<\/td>\n<td>HTTP<\/td>\n<\/tr>\n<\/tbody>\n<\/table>\n<\/figure>\n<p><strong>Facebook<\/strong> <a href=\"https:\/\/www.facebook.com\/about\/privacy\">https:\/\/www.facebook.com\/about\/privacy<\/a><\/p>\n<figure class=\"wp-block-table\">\n<table class=\"tabelaDados\">\n<tbody>\n<tr>\n<td><strong>Name<\/strong><\/td>\n<td><strong>Purpose<\/strong><\/td>\n<td><strong>Validity<\/strong><\/td>\n<td><strong>Type<\/strong><\/td>\n<\/tr>\n<tr>\n<td>_fbp<\/td>\n<td>display advertising on Facebook or on digital platforms that use Facebook Advertising<\/td>\n<td>determined by the provider<\/td>\n<td>HTTP<\/td>\n<\/tr>\n<\/tbody>\n<\/table>\n<\/figure>\n<h5><strong>Enable and disable <em>Cookies<\/em>\u00a0and similar technologies<\/strong><\/h5>\n<p>Newsletters and other communications may, for statistical purposes, contain information that allows us to know whether they are opened and to verify clicks through links within them. However, customers are always given the option to refuse to receive the newsletter or email communication at any time, using the option specifically provided for this purpose and mentioned therein. In addition, in the Help menu of the browser used, customers can manage the use of cookies.\u00a0<em>cookies<\/em> and other similar technologies. As indicated in the message visible on this page, access to the online shop of <strong>Contrastes da Plan\u00edcie - Lda<\/strong> requires the use of cookies<em>,<\/em>\u00a0and disabling them may affect your browsing experience on the\u00a0<em>website<\/em>. If desired and where applicable, the customer may request information regarding the retention periods for information obtained via cookies, the use of which is the responsibility of <strong>Contrastes da Plan\u00edcie - Lda<\/strong>. For further information, we suggest consulting the information provided in each browser or articles with specific information on the subject (e.g.\u00a0<a href=\"https:\/\/www.allaboutcookies.org\/\" target=\"_blank\" rel=\"noreferrer noopener\">https:\/\/www.allaboutcookies.org\/<\/a>).<\/p>\n<\/div><\/div>\n<\/div>\n<\/div>\n<\/div>","protected":false},"excerpt":{"rendered":"","protected":false},"author":1,"featured_media":0,"parent":0,"menu_order":0,"comment_status":"closed","ping_status":"closed","template":"","meta":{"footnotes":""},"class_list":["post-182","page","type-page","status-publish","hentry"],"yoast_head":"<!-- This site is optimized with the Yoast SEO plugin v27.2 - https:\/\/yoast.com\/product\/yoast-seo-wordpress\/ -->\n<title>Pol\u00edtica de Cookies e Gest\u00e3o de Consentimento - Contrastes da Plan\u00edcie, Lda | Constru\u00e7\u00e3o civil, instala\u00e7\u00f5es el\u00e9ctricas, canaliza\u00e7\u00f5es e actividades especializadas<\/title>\n<meta name=\"description\" content=\"Saiba como a Contrastes da Plan\u00edcie utiliza cookies para melhorar a sua experi\u00eancia de navega\u00e7\u00e3o no nosso site. Consulte a nossa pol\u00edtica de cookies e aprenda a gerir as suas prefer\u00eancias.\" \/>\n<meta name=\"robots\" content=\"index, follow, max-snippet:-1, max-image-preview:large, max-video-preview:-1\" \/>\n<link rel=\"canonical\" href=\"https:\/\/contrastesdaplanicie.pt\/en\/cookie-policy\/\" \/>\n<meta property=\"og:locale\" content=\"en_GB\" \/>\n<meta property=\"og:type\" content=\"article\" \/>\n<meta property=\"og:title\" content=\"Pol\u00edtica de Cookies e Gest\u00e3o de Consentimento - Contrastes da Plan\u00edcie, Lda | Constru\u00e7\u00e3o civil, instala\u00e7\u00f5es el\u00e9ctricas, canaliza\u00e7\u00f5es e actividades especializadas\" \/>\n<meta property=\"og:description\" content=\"Saiba como a Contrastes da Plan\u00edcie utiliza cookies para melhorar a sua experi\u00eancia de navega\u00e7\u00e3o no nosso site. Consulte a nossa pol\u00edtica de cookies e aprenda a gerir as suas prefer\u00eancias.\" \/>\n<meta property=\"og:url\" content=\"https:\/\/contrastesdaplanicie.pt\/en\/cookie-policy\/\" \/>\n<meta property=\"og:site_name\" content=\"Contrastes da Plan\u00edcie, Lda | Constru\u00e7\u00e3o civil, instala\u00e7\u00f5es el\u00e9ctricas, canaliza\u00e7\u00f5es e actividades especializadas\" \/>\n<meta property=\"article:modified_time\" content=\"2026-03-21T10:17:44+00:00\" \/>\n<meta name=\"twitter:card\" content=\"summary_large_image\" \/>\n<script type=\"application\/ld+json\" class=\"yoast-schema-graph\">{\"@context\":\"https:\/\/schema.org\",\"@graph\":[{\"@type\":\"WebPage\",\"@id\":\"https:\/\/contrastesdaplanicie.pt\/politica-de-cookies\/\",\"url\":\"https:\/\/contrastesdaplanicie.pt\/politica-de-cookies\/\",\"name\":\"Pol\u00edtica de Cookies e Gest\u00e3o de Consentimento - Contrastes da Plan\u00edcie, Lda | Constru\u00e7\u00e3o civil, instala\u00e7\u00f5es el\u00e9ctricas, canaliza\u00e7\u00f5es e actividades especializadas\",\"isPartOf\":{\"@id\":\"https:\/\/contrastesdaplanicie.pt\/#website\"},\"datePublished\":\"2025-12-02T16:29:10+00:00\",\"dateModified\":\"2026-03-21T10:17:44+00:00\",\"description\":\"Saiba como a Contrastes da Plan\u00edcie utiliza cookies para melhorar a sua experi\u00eancia de navega\u00e7\u00e3o no nosso site. Consulte a nossa pol\u00edtica de cookies e aprenda a gerir as suas prefer\u00eancias.\",\"breadcrumb\":{\"@id\":\"https:\/\/contrastesdaplanicie.pt\/politica-de-cookies\/#breadcrumb\"},\"inLanguage\":\"en-GB\",\"potentialAction\":[{\"@type\":\"ReadAction\",\"target\":[\"https:\/\/contrastesdaplanicie.pt\/politica-de-cookies\/\"]}]},{\"@type\":\"BreadcrumbList\",\"@id\":\"https:\/\/contrastesdaplanicie.pt\/politica-de-cookies\/#breadcrumb\",\"itemListElement\":[{\"@type\":\"ListItem\",\"position\":1,\"name\":\"Home\",\"item\":\"https:\/\/contrastesdaplanicie.pt\/\"},{\"@type\":\"ListItem\",\"position\":2,\"name\":\"Pol\u00edtica de cookies\"}]},{\"@type\":\"WebSite\",\"@id\":\"https:\/\/contrastesdaplanicie.pt\/#website\",\"url\":\"https:\/\/contrastesdaplanicie.pt\/\",\"name\":\"Contrastes da Plan\u00edcie, Lda | Constru\u00e7\u00e3o civil, instala\u00e7\u00f5es el\u00e9ctricas, canaliza\u00e7\u00f5es e actividades especializadas\",\"description\":\"\",\"potentialAction\":[{\"@type\":\"SearchAction\",\"target\":{\"@type\":\"EntryPoint\",\"urlTemplate\":\"https:\/\/contrastesdaplanicie.pt\/?s={search_term_string}\"},\"query-input\":{\"@type\":\"PropertyValueSpecification\",\"valueRequired\":true,\"valueName\":\"search_term_string\"}}],\"inLanguage\":\"en-GB\"}]}<\/script>\n<!-- \/ Yoast SEO plugin. -->","yoast_head_json":{"title":"Pol\u00edtica de Cookies e Gest\u00e3o de Consentimento - Contrastes da Plan\u00edcie, Lda | Constru\u00e7\u00e3o civil, instala\u00e7\u00f5es el\u00e9ctricas, canaliza\u00e7\u00f5es e actividades especializadas","description":"Saiba como a Contrastes da Plan\u00edcie utiliza cookies para melhorar a sua experi\u00eancia de navega\u00e7\u00e3o no nosso site. Consulte a nossa pol\u00edtica de cookies e aprenda a gerir as suas prefer\u00eancias.","robots":{"index":"index","follow":"follow","max-snippet":"max-snippet:-1","max-image-preview":"max-image-preview:large","max-video-preview":"max-video-preview:-1"},"canonical":"https:\/\/contrastesdaplanicie.pt\/en\/cookie-policy\/","og_locale":"en_GB","og_type":"article","og_title":"Pol\u00edtica de Cookies e Gest\u00e3o de Consentimento - Contrastes da Plan\u00edcie, Lda | Constru\u00e7\u00e3o civil, instala\u00e7\u00f5es el\u00e9ctricas, canaliza\u00e7\u00f5es e actividades especializadas","og_description":"Saiba como a Contrastes da Plan\u00edcie utiliza cookies para melhorar a sua experi\u00eancia de navega\u00e7\u00e3o no nosso site. Consulte a nossa pol\u00edtica de cookies e aprenda a gerir as suas prefer\u00eancias.","og_url":"https:\/\/contrastesdaplanicie.pt\/en\/cookie-policy\/","og_site_name":"Contrastes da Plan\u00edcie, Lda | Constru\u00e7\u00e3o civil, instala\u00e7\u00f5es el\u00e9ctricas, canaliza\u00e7\u00f5es e actividades especializadas","article_modified_time":"2026-03-21T10:17:44+00:00","twitter_card":"summary_large_image","schema":{"@context":"https:\/\/schema.org","@graph":[{"@type":"WebPage","@id":"https:\/\/contrastesdaplanicie.pt\/politica-de-cookies\/","url":"https:\/\/contrastesdaplanicie.pt\/politica-de-cookies\/","name":"Pol\u00edtica de Cookies e Gest\u00e3o de Consentimento - Contrastes da Plan\u00edcie, Lda | Constru\u00e7\u00e3o civil, instala\u00e7\u00f5es el\u00e9ctricas, canaliza\u00e7\u00f5es e actividades especializadas","isPartOf":{"@id":"https:\/\/contrastesdaplanicie.pt\/#website"},"datePublished":"2025-12-02T16:29:10+00:00","dateModified":"2026-03-21T10:17:44+00:00","description":"Saiba como a Contrastes da Plan\u00edcie utiliza cookies para melhorar a sua experi\u00eancia de navega\u00e7\u00e3o no nosso site. Consulte a nossa pol\u00edtica de cookies e aprenda a gerir as suas prefer\u00eancias.","breadcrumb":{"@id":"https:\/\/contrastesdaplanicie.pt\/politica-de-cookies\/#breadcrumb"},"inLanguage":"en-GB","potentialAction":[{"@type":"ReadAction","target":["https:\/\/contrastesdaplanicie.pt\/politica-de-cookies\/"]}]},{"@type":"BreadcrumbList","@id":"https:\/\/contrastesdaplanicie.pt\/politica-de-cookies\/#breadcrumb","itemListElement":[{"@type":"ListItem","position":1,"name":"Home","item":"https:\/\/contrastesdaplanicie.pt\/"},{"@type":"ListItem","position":2,"name":"Pol\u00edtica de cookies"}]},{"@type":"WebSite","@id":"https:\/\/contrastesdaplanicie.pt\/#website","url":"https:\/\/contrastesdaplanicie.pt\/","name":"Contrastes da Plan\u00edcie, Lda | Construction, electrical installations, plumbing and specialised activities","description":"","potentialAction":[{"@type":"SearchAction","target":{"@type":"EntryPoint","urlTemplate":"https:\/\/contrastesdaplanicie.pt\/?s={search_term_string}"},"query-input":{"@type":"PropertyValueSpecification","valueRequired":true,"valueName":"search_term_string"}}],"inLanguage":"en-GB"}]}},"_links":{"self":[{"href":"https:\/\/contrastesdaplanicie.pt\/en\/wp-json\/wp\/v2\/pages\/182","targetHints":{"allow":["GET"]}}],"collection":[{"href":"https:\/\/contrastesdaplanicie.pt\/en\/wp-json\/wp\/v2\/pages"}],"about":[{"href":"https:\/\/contrastesdaplanicie.pt\/en\/wp-json\/wp\/v2\/types\/page"}],"author":[{"embeddable":true,"href":"https:\/\/contrastesdaplanicie.pt\/en\/wp-json\/wp\/v2\/users\/1"}],"replies":[{"embeddable":true,"href":"https:\/\/contrastesdaplanicie.pt\/en\/wp-json\/wp\/v2\/comments?post=182"}],"version-history":[{"count":7,"href":"https:\/\/contrastesdaplanicie.pt\/en\/wp-json\/wp\/v2\/pages\/182\/revisions"}],"predecessor-version":[{"id":609,"href":"https:\/\/contrastesdaplanicie.pt\/en\/wp-json\/wp\/v2\/pages\/182\/revisions\/609"}],"wp:attachment":[{"href":"https:\/\/contrastesdaplanicie.pt\/en\/wp-json\/wp\/v2\/media?parent=182"}],"curies":[{"name":"wp","href":"https:\/\/api.w.org\/{rel}","templated":true}]}}